{"id":20426,"date":"2024-11-04T23:55:41","date_gmt":"2024-11-04T22:55:41","guid":{"rendered":"https:\/\/transpyr.com\/planifica"},"modified":"2025-10-07T20:08:51","modified_gmt":"2025-10-07T18:08:51","slug":"planifie","status":"publish","type":"page","link":"https:\/\/transpyr.com\/fr\/planifie","title":{"rendered":"Planifie"},"content":{"rendered":"\n<p>Planifier votre voyage vers la Transpyr Coast to Coast est facile si vous savez comment.<\/p>\n\n\n\n<p>Sur cette page, vous trouverez toutes les informations d\u00e9taill\u00e9es pour planifier la grande aventure de votre vie.<\/p>\n\n\n\n<div style=\"height:27px\" aria-hidden=\"true\" class=\"wp-block-spacer\"><\/div>\n\n\n\n<div class=\"wp-block-columns has-background is-layout-flex wp-container-core-columns-is-layout-28f84493 wp-block-columns-is-layout-flex\" style=\"background-color:#0792e317\">\n<div class=\"wp-block-column is-layout-flow wp-block-column-is-layout-flow\" style=\"flex-basis:300px\">\n<figure class=\"wp-block-image size-full\"><img loading=\"lazy\" decoding=\"async\" width=\"1002\" height=\"1000\" src=\"https:\/\/transpyr.com\/wp-content\/uploads\/2024\/11\/60c682fa9cec28_51957112-1.webp\" alt=\"\" class=\"wp-image-18943\" style=\"object-fit:contain\" srcset=\"https:\/\/transpyr.com\/wp-content\/uploads\/2024\/11\/60c682fa9cec28_51957112-1.webp 1002w, https:\/\/transpyr.com\/wp-content\/uploads\/2024\/11\/60c682fa9cec28_51957112-1-300x300.webp 300w, https:\/\/transpyr.com\/wp-content\/uploads\/2024\/11\/60c682fa9cec28_51957112-1-150x150.webp 150w, https:\/\/transpyr.com\/wp-content\/uploads\/2024\/11\/60c682fa9cec28_51957112-1-768x766.webp 768w, https:\/\/transpyr.com\/wp-content\/uploads\/2024\/11\/60c682fa9cec28_51957112-1-600x599.webp 600w, https:\/\/transpyr.com\/wp-content\/uploads\/2024\/11\/60c682fa9cec28_51957112-1-100x100.webp 100w\" sizes=\"auto, (max-width: 1002px) 100vw, 1002px\" \/><\/figure>\n<\/div>\n\n\n\n<div class=\"wp-block-column is-layout-flow wp-block-column-is-layout-flow\" style=\"flex-basis:600px\">\n<h2 class=\"wp-block-heading\">Prix approximatif<\/h2>\n\n\n\n<p>Le prix moyen pour participer \u00e0 la Transpyr Coast to Coast en mode VTT ou E-BIKE est d\u2019environ 2.500 \u20ac (Pack H\u00f4tel Standard en chambre double, avec m\u00e9canicien et kin\u00e9sith\u00e9rapeute au paddock, inscription incluse).<\/p>\n\n\n\n<p>Pour la modalit\u00e9 ROAD, le co\u00fbt moyen d\u00e9bute \u00e0 2.450 \u20ac, incluant les m\u00eames services.<\/p>\n\n\n\n<p><\/p>\n<\/div>\n<\/div>\n\n\n\n<div class=\"wp-block-columns has-background is-layout-flex wp-container-core-columns-is-layout-28f84493 wp-block-columns-is-layout-flex\" style=\"background-color:#0792e317\">\n<div class=\"wp-block-column is-layout-flow wp-block-column-is-layout-flow\" style=\"flex-basis:300px\">\n<figure class=\"wp-block-image size-full\"><img loading=\"lazy\" decoding=\"async\" width=\"1000\" height=\"1000\" src=\"https:\/\/transpyr.com\/wp-content\/uploads\/2024\/11\/radoslav-bali-rtWu9kJ6TC0-unsplash-2.webp\" alt=\"\" class=\"wp-image-18917\" style=\"object-fit:contain\" srcset=\"https:\/\/transpyr.com\/wp-content\/uploads\/2024\/11\/radoslav-bali-rtWu9kJ6TC0-unsplash-2.webp 1000w, https:\/\/transpyr.com\/wp-content\/uploads\/2024\/11\/radoslav-bali-rtWu9kJ6TC0-unsplash-2-300x300.webp 300w, https:\/\/transpyr.com\/wp-content\/uploads\/2024\/11\/radoslav-bali-rtWu9kJ6TC0-unsplash-2-150x150.webp 150w, https:\/\/transpyr.com\/wp-content\/uploads\/2024\/11\/radoslav-bali-rtWu9kJ6TC0-unsplash-2-768x768.webp 768w, https:\/\/transpyr.com\/wp-content\/uploads\/2024\/11\/radoslav-bali-rtWu9kJ6TC0-unsplash-2-600x600.webp 600w, https:\/\/transpyr.com\/wp-content\/uploads\/2024\/11\/radoslav-bali-rtWu9kJ6TC0-unsplash-2-100x100.webp 100w\" sizes=\"auto, (max-width: 1000px) 100vw, 1000px\" \/><\/figure>\n<\/div>\n\n\n\n<div class=\"wp-block-column is-layout-flow wp-block-column-is-layout-flow\" style=\"flex-basis:600px\">\n<h2 class=\"wp-block-heading\">H\u00e9bergement<\/h2>\n\n\n\n<p>Pour r\u00e9server votre h\u00e9bergement, vous pouvez le faire avec notre agence partenaire VALUA TRAVEL, qui propose diff\u00e9rentes options de Pack H\u00f4tel.<\/p>\n\n\n\n<p>H\u00e9bergement + Inscription, H\u00e9bergement Standard ou Premium (Individuel, Double ou Partag\u00e9).<\/p>\n\n\n\n<div class=\"wp-block-buttons is-layout-flex wp-block-buttons-is-layout-flex\">\n<div class=\"wp-block-button\"><a class=\"wp-block-button__link wp-element-button\" href=\"https:\/\/shop.valuatravel.com\/en\/products\/transpyr\" target=\"_blank\" rel=\"noreferrer noopener\">R\u00e9server<\/a><\/div>\n<\/div>\n<\/div>\n<\/div>\n\n\n\n<div class=\"wp-block-columns has-background is-layout-flex wp-container-core-columns-is-layout-28f84493 wp-block-columns-is-layout-flex\" style=\"background-color:#0792e317\">\n<div class=\"wp-block-column is-layout-flow wp-block-column-is-layout-flow\" style=\"flex-basis:300px\">\n<figure class=\"wp-block-image size-full\"><img loading=\"lazy\" decoding=\"async\" width=\"800\" height=\"667\" src=\"https:\/\/transpyr.com\/wp-content\/uploads\/2024\/11\/hobi-industri-C-zgN_LEKb8-unsplash-2.webp\" alt=\"\" class=\"wp-image-18924\" style=\"object-fit:contain\" srcset=\"https:\/\/transpyr.com\/wp-content\/uploads\/2024\/11\/hobi-industri-C-zgN_LEKb8-unsplash-2.webp 800w, https:\/\/transpyr.com\/wp-content\/uploads\/2024\/11\/hobi-industri-C-zgN_LEKb8-unsplash-2-300x250.webp 300w, https:\/\/transpyr.com\/wp-content\/uploads\/2024\/11\/hobi-industri-C-zgN_LEKb8-unsplash-2-768x640.webp 768w, https:\/\/transpyr.com\/wp-content\/uploads\/2024\/11\/hobi-industri-C-zgN_LEKb8-unsplash-2-600x500.webp 600w\" sizes=\"auto, (max-width: 800px) 100vw, 800px\" \/><\/figure>\n<\/div>\n\n\n\n<div class=\"wp-block-column is-layout-flow wp-block-column-is-layout-flow\" style=\"flex-basis:600px\">\n<h2 class=\"wp-block-heading\">Transfer Irun &#8211; Roses<\/h2>\n\n\n\n<p>Le 7 juin \u00e0 8h, nous partirons d\u2019Ir\u00fan en direction de Roses. Le transfert inclut le transport du v\u00e9lo dans la soute du bus (valise ou bo\u00eete \u00e0 v\u00e9lo FORTEMENT recommand\u00e9e) + une valise de 20 kg par personne. Heure d\u2019arriv\u00e9e estim\u00e9e \u00e0 Roses : 17h. Seulement 25 places disponibles.<\/p>\n\n\n\n<p><\/p>\n\n\n\n<div class=\"wp-block-buttons is-layout-flex wp-block-buttons-is-layout-flex\">\n<div class=\"wp-block-button\"><a class=\"wp-block-button__link wp-element-button\" href=\"https:\/\/shop.valuatravel.com\/en\/transpyr\/product\/allotjaments-transpyr-coast-to-coast\" target=\"_blank\" rel=\"noreferrer noopener\">Plus d\u2019informations<\/a><\/div>\n<\/div>\n<\/div>\n<\/div>\n\n\n\n<div class=\"wp-block-columns has-background is-layout-flex wp-container-core-columns-is-layout-28f84493 wp-block-columns-is-layout-flex\" style=\"background-color:#0792e317\">\n<div class=\"wp-block-column is-layout-flow wp-block-column-is-layout-flow\" style=\"flex-basis:300px\">\n<figure class=\"wp-block-image size-full\"><img loading=\"lazy\" decoding=\"async\" width=\"692\" height=\"692\" src=\"https:\/\/transpyr.com\/wp-content\/uploads\/2024\/11\/waldemar-a520NntVaUQ-unsplash-2.webp\" alt=\"\" class=\"wp-image-18930\" style=\"object-fit:contain\" srcset=\"https:\/\/transpyr.com\/wp-content\/uploads\/2024\/11\/waldemar-a520NntVaUQ-unsplash-2.webp 692w, https:\/\/transpyr.com\/wp-content\/uploads\/2024\/11\/waldemar-a520NntVaUQ-unsplash-2-300x300.webp 300w, https:\/\/transpyr.com\/wp-content\/uploads\/2024\/11\/waldemar-a520NntVaUQ-unsplash-2-150x150.webp 150w, https:\/\/transpyr.com\/wp-content\/uploads\/2024\/11\/waldemar-a520NntVaUQ-unsplash-2-600x600.webp 600w, https:\/\/transpyr.com\/wp-content\/uploads\/2024\/11\/waldemar-a520NntVaUQ-unsplash-2-100x100.webp 100w\" sizes=\"auto, (max-width: 692px) 100vw, 692px\" \/><\/figure>\n<\/div>\n\n\n\n<div class=\"wp-block-column is-layout-flow wp-block-column-is-layout-flow\" style=\"flex-basis:600px\">\n<h2 class=\"wp-block-heading\">Parkings<\/h2>\n\n\n\n<p>Vous pourrez laisser votre v\u00e9hicule dans un parking public \u00e0 Roses.<\/p>\n\n\n\n<div class=\"wp-block-buttons is-layout-flex wp-block-buttons-is-layout-flex\">\n<div class=\"wp-block-button\"><a class=\"wp-block-button__link wp-element-button\" href=\"mailto:travel@valuatravel.com\" target=\"_blank\" rel=\"noreferrer noopener\">Plus d\u2019informations<\/a><\/div>\n<\/div>\n<\/div>\n<\/div>\n\n\n\n<div class=\"wp-block-columns has-background is-layout-flex wp-container-core-columns-is-layout-28f84493 wp-block-columns-is-layout-flex\" style=\"background-color:#0792e317\">\n<div class=\"wp-block-column is-layout-flow wp-block-column-is-layout-flow\" style=\"flex-basis:300px\">\n<figure class=\"wp-block-image size-full\"><img loading=\"lazy\" decoding=\"async\" width=\"698\" height=\"698\" src=\"https:\/\/transpyr.com\/wp-content\/uploads\/2024\/11\/Video-4-1.webp\" alt=\"\" class=\"wp-image-18935\" style=\"object-fit:contain\" srcset=\"https:\/\/transpyr.com\/wp-content\/uploads\/2024\/11\/Video-4-1.webp 698w, https:\/\/transpyr.com\/wp-content\/uploads\/2024\/11\/Video-4-1-300x300.webp 300w, https:\/\/transpyr.com\/wp-content\/uploads\/2024\/11\/Video-4-1-150x150.webp 150w, https:\/\/transpyr.com\/wp-content\/uploads\/2024\/11\/Video-4-1-600x600.webp 600w, https:\/\/transpyr.com\/wp-content\/uploads\/2024\/11\/Video-4-1-100x100.webp 100w\" sizes=\"auto, (max-width: 698px) 100vw, 698px\" \/><\/figure>\n<\/div>\n\n\n\n<div class=\"wp-block-column is-layout-flow wp-block-column-is-layout-flow\" style=\"flex-basis:600px\">\n<h2 class=\"wp-block-heading\">Services compl\u00e9mentaires<\/h2>\n\n\n\n<p>Masquebici est le fournisseur officiel des services de massage et de m\u00e9canique. Vous pourrez r\u00e9server ces services directement sur leur site web.<\/p>\n\n\n\n<p><em>Information \u00e0 confirmer pour 2026<\/em><\/p>\n\n\n\n<div class=\"wp-block-buttons is-layout-flex wp-block-buttons-is-layout-flex\">\n<div class=\"wp-block-button\"><a class=\"wp-block-button__link wp-element-button\" href=\"https:\/\/shop.valuatravel.com\/en\/masquebici\/product\/transpyr-2025-masquebici\" target=\"_blank\" rel=\"noreferrer noopener\">R\u00e9server<\/a><\/div>\n<\/div>\n<\/div>\n<\/div>\n\n\n\n<div class=\"wp-block-columns has-background is-layout-flex wp-container-core-columns-is-layout-28f84493 wp-block-columns-is-layout-flex\" style=\"background-color:#0792e317\">\n<div class=\"wp-block-column is-layout-flow wp-block-column-is-layout-flow\" style=\"flex-basis:300px\">\n<figure class=\"wp-block-image size-full\"><img loading=\"lazy\" decoding=\"async\" width=\"1500\" height=\"998\" src=\"https:\/\/transpyr.com\/wp-content\/uploads\/2024\/03\/jan-kopriva-Q4QBZK15bso-unsplash-2.jpg\" alt=\"\" class=\"wp-image-7752\" style=\"object-fit:contain\" srcset=\"https:\/\/transpyr.com\/wp-content\/uploads\/2024\/03\/jan-kopriva-Q4QBZK15bso-unsplash-2.jpg 1500w, https:\/\/transpyr.com\/wp-content\/uploads\/2024\/03\/jan-kopriva-Q4QBZK15bso-unsplash-2-300x200.jpg 300w, https:\/\/transpyr.com\/wp-content\/uploads\/2024\/03\/jan-kopriva-Q4QBZK15bso-unsplash-2-1024x681.jpg 1024w, https:\/\/transpyr.com\/wp-content\/uploads\/2024\/03\/jan-kopriva-Q4QBZK15bso-unsplash-2-768x511.jpg 768w\" sizes=\"auto, (max-width: 1500px) 100vw, 1500px\" \/><\/figure>\n<\/div>\n\n\n\n<div class=\"wp-block-column is-layout-flow wp-block-column-is-layout-flow\" style=\"flex-basis:600px\">\n<h2 class=\"wp-block-heading\">Pack foto<\/h2>\n\n\n\n<p>Fotop vous donne l\u2019opportunit\u00e9 d\u2019immortaliser votre aventure avec des images haute r\u00e9solution. Louez le pack au meilleur prix possible.<\/p>\n\n\n\n<p><em>Information \u00e0 confirmer pour 2026<\/em><\/p>\n\n\n\n<div class=\"wp-block-buttons is-layout-flex wp-block-buttons-is-layout-flex\">\n<div class=\"wp-block-button\"><a class=\"wp-block-button__link wp-element-button\">R\u00e9server<\/a><\/div>\n<\/div>\n<\/div>\n<\/div>\n\n\n\n<div class=\"wp-block-columns has-background is-layout-flex wp-container-core-columns-is-layout-28f84493 wp-block-columns-is-layout-flex\" style=\"background-color:#0792e317\">\n<div class=\"wp-block-column is-layout-flow wp-block-column-is-layout-flow\" style=\"flex-basis:300px\">\n<figure class=\"wp-block-image size-full\"><img loading=\"lazy\" decoding=\"async\" width=\"777\" height=\"799\" src=\"https:\/\/transpyr.com\/wp-content\/uploads\/2024\/11\/Maletas.webp\" alt=\"\" class=\"wp-image-18940\" style=\"object-fit:contain\" srcset=\"https:\/\/transpyr.com\/wp-content\/uploads\/2024\/11\/Maletas.webp 777w, https:\/\/transpyr.com\/wp-content\/uploads\/2024\/11\/Maletas-292x300.webp 292w, https:\/\/transpyr.com\/wp-content\/uploads\/2024\/11\/Maletas-768x790.webp 768w, https:\/\/transpyr.com\/wp-content\/uploads\/2024\/11\/Maletas-600x617.webp 600w\" sizes=\"auto, (max-width: 777px) 100vw, 777px\" \/><\/figure>\n<\/div>\n\n\n\n<div class=\"wp-block-column is-layout-flow wp-block-column-is-layout-flow\" style=\"flex-basis:600px\">\n<h2 class=\"wp-block-heading\">Bagages<\/h2>\n\n\n\n<p>L\u2019organisation vous remettra une valise lors de l\u2019accr\u00e9ditation pour que vous puissiez y ranger toutes vos affaires ; elle ne devra pas d\u00e9passer 20 kg. Cette valise Transpyr C2C sera transport\u00e9e chaque jour d\u2019un h\u00f4tel \u00e0 un autre (\u00e0 condition qu\u2019ils se trouvent dans le centre urbain de l\u2019\u00e9tape).<\/p>\n\n\n\n<p>Si vous le souhaitez, nous pouvons vous envoyer la valise chez vous avant l\u2019accr\u00e9ditation afin que vous puissiez mieux vous organiser ! R\u00e9servez ce service dans notre boutique en ligne.<\/p>\n\n\n\n<div class=\"wp-block-buttons is-layout-flex wp-block-buttons-is-layout-flex\">\n<div class=\"wp-block-button\"><a class=\"wp-block-button__link wp-element-button\" href=\"https:\/\/transpyr.com\/fr\/tienda#servicios\" target=\"_blank\" rel=\"noreferrer noopener\">R\u00e9server<\/a><\/div>\n<\/div>\n<\/div>\n<\/div>\n\n\n\n<div class=\"wp-block-columns has-background is-layout-flex wp-container-core-columns-is-layout-28f84493 wp-block-columns-is-layout-flex\" style=\"background-color:#0792e317\">\n<div class=\"wp-block-column is-layout-flow wp-block-column-is-layout-flow\" style=\"flex-basis:300px\">\n<figure class=\"wp-block-image size-full\"><img loading=\"lazy\" decoding=\"async\" width=\"524\" height=\"524\" src=\"https:\/\/transpyr.com\/wp-content\/uploads\/2024\/11\/motorhomes-1206520_1280-1.webp\" alt=\"\" class=\"wp-image-19730\" style=\"object-fit:contain\" srcset=\"https:\/\/transpyr.com\/wp-content\/uploads\/2024\/11\/motorhomes-1206520_1280-1.webp 524w, https:\/\/transpyr.com\/wp-content\/uploads\/2024\/11\/motorhomes-1206520_1280-1-300x300.webp 300w, https:\/\/transpyr.com\/wp-content\/uploads\/2024\/11\/motorhomes-1206520_1280-1-150x150.webp 150w, https:\/\/transpyr.com\/wp-content\/uploads\/2024\/11\/motorhomes-1206520_1280-1-100x100.webp 100w\" sizes=\"auto, (max-width: 524px) 100vw, 524px\" \/><\/figure>\n<\/div>\n\n\n\n<div class=\"wp-block-column is-layout-flow wp-block-column-is-layout-flow\" style=\"flex-basis:600px\">\n<h2 class=\"wp-block-heading\">En camping-car<\/h2>\n\n\n\n<p>Les points d\u2019\u00e9tape offrent diff\u00e9rents emplacements pour stationner et camper pour passer la nuit. L\u2019organisation propose le PACK ACCOMPAGNANT pour rendre l\u2019exp\u00e9rience compl\u00e8te.<\/p>\n\n\n\n<div class=\"wp-block-buttons is-layout-flex wp-block-buttons-is-layout-flex\">\n<div class=\"wp-block-button\"><a class=\"wp-block-button__link wp-element-button\" href=\"https:\/\/transpyr.com\/fr\/tienda\/#servicios\">R\u00e9server<\/a><\/div>\n<\/div>\n<\/div>\n<\/div>\n\n\n\n<p><\/p>\n","protected":false},"excerpt":{"rendered":"<p>Planifier votre voyage vers la Transpyr Coast to Coast est facile si vous savez comment. Sur cette page, vous trouverez toutes les informations d\u00e9taill\u00e9es pour planifier la grande aventure de votre vie. Prix approximatif Le prix moyen pour participer \u00e0 la Transpyr Coast to Coast en mode VTT ou E-BIKE est d\u2019environ 2.500 \u20ac (Pack [&hellip;]<\/p>\n","protected":false},"author":18,"featured_media":7906,"parent":0,"menu_order":0,"comment_status":"closed","ping_status":"closed","template":"","meta":{"_acf_changed":false,"inline_featured_image":false,"_monsterinsights_skip_tracking":false,"_monsterinsights_sitenote_active":false,"_monsterinsights_sitenote_note":"","_monsterinsights_sitenote_category":0,"footnotes":""},"tipos-de-pagina":[],"class_list":["post-20426","page","type-page","status-publish","has-post-thumbnail","hentry"],"acf":[],"yoast_head":"<!-- This site is optimized with the Yoast SEO plugin v27.1.1 - https:\/\/yoast.com\/product\/yoast-seo-wordpress\/ -->\n<title>Planifie - Transpyr<\/title>\n<meta name=\"robots\" content=\"index, follow, max-snippet:-1, max-image-preview:large, max-video-preview:-1\" \/>\n<link rel=\"canonical\" href=\"https:\/\/transpyr.com\/fr\/planifie\" \/>\n<meta property=\"og:locale\" content=\"fr_FR\" \/>\n<meta property=\"og:type\" content=\"article\" \/>\n<meta property=\"og:title\" content=\"Planifie - Transpyr\" \/>\n<meta property=\"og:description\" content=\"Planifier votre voyage vers la Transpyr Coast to Coast est facile si vous savez comment. Sur cette page, vous trouverez toutes les informations d\u00e9taill\u00e9es pour planifier la grande aventure de votre vie. Prix approximatif Le prix moyen pour participer \u00e0 la Transpyr Coast to Coast en mode VTT ou E-BIKE est d\u2019environ 2.500 \u20ac (Pack [&hellip;]\" \/>\n<meta property=\"og:url\" content=\"https:\/\/transpyr.com\/fr\/planifie\" \/>\n<meta property=\"og:site_name\" content=\"Transpyr\" \/>\n<meta property=\"article:modified_time\" content=\"2025-10-07T18:08:51+00:00\" \/>\n<meta property=\"og:image\" content=\"https:\/\/transpyr.com\/wp-content\/uploads\/2024\/05\/Rectangle-29.png\" \/>\n\t<meta property=\"og:image:width\" content=\"777\" \/>\n\t<meta property=\"og:image:height\" content=\"999\" \/>\n\t<meta property=\"og:image:type\" content=\"image\/png\" \/>\n<meta name=\"twitter:card\" content=\"summary_large_image\" \/>\n<meta name=\"twitter:label1\" content=\"Dur\u00e9e de lecture estim\u00e9e\" \/>\n\t<meta name=\"twitter:data1\" content=\"4 minutes\" \/>\n<script type=\"application\/ld+json\" class=\"yoast-schema-graph\">{\"@context\":\"https:\/\/schema.org\",\"@graph\":[{\"@type\":\"WebPage\",\"@id\":\"https:\/\/transpyr.com\/fr\/planifie\",\"url\":\"https:\/\/transpyr.com\/fr\/planifie\",\"name\":\"Planifie - Transpyr\",\"isPartOf\":{\"@id\":\"https:\/\/transpyr.com\/fr#website\"},\"primaryImageOfPage\":{\"@id\":\"https:\/\/transpyr.com\/fr\/planifie#primaryimage\"},\"image\":{\"@id\":\"https:\/\/transpyr.com\/fr\/planifie#primaryimage\"},\"thumbnailUrl\":\"https:\/\/transpyr.com\/wp-content\/uploads\/2024\/05\/Rectangle-29.png\",\"datePublished\":\"2024-11-04T22:55:41+00:00\",\"dateModified\":\"2025-10-07T18:08:51+00:00\",\"breadcrumb\":{\"@id\":\"https:\/\/transpyr.com\/fr\/planifie#breadcrumb\"},\"inLanguage\":\"fr-FR\",\"potentialAction\":[{\"@type\":\"ReadAction\",\"target\":[\"https:\/\/transpyr.com\/fr\/planifie\"]}]},{\"@type\":\"ImageObject\",\"inLanguage\":\"fr-FR\",\"@id\":\"https:\/\/transpyr.com\/fr\/planifie#primaryimage\",\"url\":\"https:\/\/transpyr.com\/wp-content\/uploads\/2024\/05\/Rectangle-29.png\",\"contentUrl\":\"https:\/\/transpyr.com\/wp-content\/uploads\/2024\/05\/Rectangle-29.png\",\"width\":777,\"height\":999},{\"@type\":\"BreadcrumbList\",\"@id\":\"https:\/\/transpyr.com\/fr\/planifie#breadcrumb\",\"itemListElement\":[{\"@type\":\"ListItem\",\"position\":1,\"name\":\"Portada\",\"item\":\"https:\/\/transpyr.com\/fr\"},{\"@type\":\"ListItem\",\"position\":2,\"name\":\"Planifie\"}]},{\"@type\":\"WebSite\",\"@id\":\"https:\/\/transpyr.com\/fr#website\",\"url\":\"https:\/\/transpyr.com\/fr\",\"name\":\"Transpyr\",\"description\":\"Carrera de mountain bike a trav\u00e9s de los Pirineos\",\"potentialAction\":[{\"@type\":\"SearchAction\",\"target\":{\"@type\":\"EntryPoint\",\"urlTemplate\":\"https:\/\/transpyr.com\/fr?s={search_term_string}\"},\"query-input\":{\"@type\":\"PropertyValueSpecification\",\"valueRequired\":true,\"valueName\":\"search_term_string\"}}],\"inLanguage\":\"fr-FR\"}]}<\/script>\n<!-- \/ Yoast SEO plugin. -->","yoast_head_json":{"title":"Planifie - Transpyr","robots":{"index":"index","follow":"follow","max-snippet":"max-snippet:-1","max-image-preview":"max-image-preview:large","max-video-preview":"max-video-preview:-1"},"canonical":"https:\/\/transpyr.com\/fr\/planifie","og_locale":"fr_FR","og_type":"article","og_title":"Planifie - Transpyr","og_description":"Planifier votre voyage vers la Transpyr Coast to Coast est facile si vous savez comment. Sur cette page, vous trouverez toutes les informations d\u00e9taill\u00e9es pour planifier la grande aventure de votre vie. Prix approximatif Le prix moyen pour participer \u00e0 la Transpyr Coast to Coast en mode VTT ou E-BIKE est d\u2019environ 2.500 \u20ac (Pack [&hellip;]","og_url":"https:\/\/transpyr.com\/fr\/planifie","og_site_name":"Transpyr","article_modified_time":"2025-10-07T18:08:51+00:00","og_image":[{"width":777,"height":999,"url":"https:\/\/transpyr.com\/wp-content\/uploads\/2024\/05\/Rectangle-29.png","type":"image\/png"}],"twitter_card":"summary_large_image","twitter_misc":{"Dur\u00e9e de lecture estim\u00e9e":"4 minutes"},"schema":{"@context":"https:\/\/schema.org","@graph":[{"@type":"WebPage","@id":"https:\/\/transpyr.com\/fr\/planifie","url":"https:\/\/transpyr.com\/fr\/planifie","name":"Planifie - Transpyr","isPartOf":{"@id":"https:\/\/transpyr.com\/fr#website"},"primaryImageOfPage":{"@id":"https:\/\/transpyr.com\/fr\/planifie#primaryimage"},"image":{"@id":"https:\/\/transpyr.com\/fr\/planifie#primaryimage"},"thumbnailUrl":"https:\/\/transpyr.com\/wp-content\/uploads\/2024\/05\/Rectangle-29.png","datePublished":"2024-11-04T22:55:41+00:00","dateModified":"2025-10-07T18:08:51+00:00","breadcrumb":{"@id":"https:\/\/transpyr.com\/fr\/planifie#breadcrumb"},"inLanguage":"fr-FR","potentialAction":[{"@type":"ReadAction","target":["https:\/\/transpyr.com\/fr\/planifie"]}]},{"@type":"ImageObject","inLanguage":"fr-FR","@id":"https:\/\/transpyr.com\/fr\/planifie#primaryimage","url":"https:\/\/transpyr.com\/wp-content\/uploads\/2024\/05\/Rectangle-29.png","contentUrl":"https:\/\/transpyr.com\/wp-content\/uploads\/2024\/05\/Rectangle-29.png","width":777,"height":999},{"@type":"BreadcrumbList","@id":"https:\/\/transpyr.com\/fr\/planifie#breadcrumb","itemListElement":[{"@type":"ListItem","position":1,"name":"Portada","item":"https:\/\/transpyr.com\/fr"},{"@type":"ListItem","position":2,"name":"Planifie"}]},{"@type":"WebSite","@id":"https:\/\/transpyr.com\/fr#website","url":"https:\/\/transpyr.com\/fr","name":"Transpyr","description":"Carrera de mountain bike a trav\u00e9s de los Pirineos","potentialAction":[{"@type":"SearchAction","target":{"@type":"EntryPoint","urlTemplate":"https:\/\/transpyr.com\/fr?s={search_term_string}"},"query-input":{"@type":"PropertyValueSpecification","valueRequired":true,"valueName":"search_term_string"}}],"inLanguage":"fr-FR"}]}},"_links":{"self":[{"href":"https:\/\/transpyr.com\/fr\/wp-json\/wp\/v2\/pages\/20426","targetHints":{"allow":["GET"]}}],"collection":[{"href":"https:\/\/transpyr.com\/fr\/wp-json\/wp\/v2\/pages"}],"about":[{"href":"https:\/\/transpyr.com\/fr\/wp-json\/wp\/v2\/types\/page"}],"author":[{"embeddable":true,"href":"https:\/\/transpyr.com\/fr\/wp-json\/wp\/v2\/users\/18"}],"replies":[{"embeddable":true,"href":"https:\/\/transpyr.com\/fr\/wp-json\/wp\/v2\/comments?post=20426"}],"version-history":[{"count":5,"href":"https:\/\/transpyr.com\/fr\/wp-json\/wp\/v2\/pages\/20426\/revisions"}],"predecessor-version":[{"id":37804,"href":"https:\/\/transpyr.com\/fr\/wp-json\/wp\/v2\/pages\/20426\/revisions\/37804"}],"wp:featuredmedia":[{"embeddable":true,"href":"https:\/\/transpyr.com\/fr\/wp-json\/wp\/v2\/media\/7906"}],"wp:attachment":[{"href":"https:\/\/transpyr.com\/fr\/wp-json\/wp\/v2\/media?parent=20426"}],"wp:term":[{"taxonomy":"tipos-de-pagina","embeddable":true,"href":"https:\/\/transpyr.com\/fr\/wp-json\/wp\/v2\/tipos-de-pagina?post=20426"}],"curies":[{"name":"wp","href":"https:\/\/api.w.org\/{rel}","templated":true}]}}