{"id":8288,"date":"2024-01-29T14:40:51","date_gmt":"2024-01-29T13:40:51","guid":{"rendered":"https:\/\/www.transpyr.com\/politica-privacidad\/"},"modified":"2026-02-09T08:14:02","modified_gmt":"2026-02-09T07:14:02","slug":"politica-privacidad","status":"publish","type":"page","link":"https:\/\/transpyr.com\/fr\/politica-privacidad","title":{"rendered":"Politique de confidentialit\u00e9"},"content":{"rendered":"\n<p><strong>R\u00e8glement g\u00e9n\u00e9ral de la protection des donn\u00e9es (RGDP) \u2013 D\u00e9cembre 2018<\/strong><\/p>\n\n\n\n<p>Nous vous informons que les donn\u00e9es personnelles de nos clients seront trait\u00e9es conform\u00e9ment \u00e0 la l\u00e9gislation en vigueur sur la protection des donn\u00e9es personnelles, la vie priv\u00e9e des utilisateurs et le secret et la s\u00e9curit\u00e9 des donn\u00e9es personnelles, conform\u00e9ment aux dispositions de la loi organique 3\/2018, du 5&nbsp;d\u00e9cembre, sur la Protection des donn\u00e9es \u00e0 caract\u00e8re personnel et la garantie des droits num\u00e9riques (LOPD-GDD) et le r\u00e8glement (UE) 2016\/679 du Parlement europ\u00e9en et du Conseil du 27&nbsp;avril&nbsp;2016 relatif \u00e0 la protection des personnes physiques \u00e0 l\u2019\u00e9gard du traitement des donn\u00e9es \u00e0 caract\u00e8re personnel (RGPD).<\/p>\n\n\n\n<p><br>Afin de respecter le r\u00e8glement susmentionn\u00e9, nous avons mis \u00e0 jour notre politique de confidentialit\u00e9:<\/p>\n\n\n\n<p><strong>TRAITEMENT DES DONN\u00c9ES DES CLIENTS<\/strong><\/p>\n\n\n\n<p>\u00c0 ANAYET LATITUD NORTE S.L. nous traitons les informations que vous nous fournissez afin de vous fournir le service demand\u00e9 et d\u2019effectuer votre facturation. Les donn\u00e9es fournies seront conserv\u00e9es aussi longtemps que la relation commerciale est maintenue ou aussi longtemps que n\u00e9cessaire pour se conformer aux obligations l\u00e9gales et r\u00e9pondre aux \u00e9ventuelles responsabilit\u00e9s qui peuvent d\u00e9couler de l\u2019accomplissement de la finalit\u00e9 pour laquelle les donn\u00e9es ont \u00e9t\u00e9 collect\u00e9es. Les donn\u00e9es ne seront pas transmises \u00e0 des tiers, sauf dans les cas o\u00f9 il existe une obligation l\u00e9gale. Vous avez le droit d\u2019obtenir des informations sur si, dans ANAYET LATITUD NORTE S.L. nous traitons vos donn\u00e9es personnelles, afin que vous puissiez exercer vos droits d\u2019acc\u00e8s, Rectification, suppression et portabilit\u00e9 des donn\u00e9es et opposition et limitation de leur traitement \u00e0 ANAYET LATITUD NORTE S.L., POL\u00cdGONO MUNICIPAL, VIAL 4, NAVE 9. 31500 TUDELA &#8211; NAVARRA ou \u00e0 l\u2019adresse \u00e9lectronique ADM@TRANSPYR.COM, en vous identifiant suffisamment dans votre demande par voie \u00e9lectronique ou, \u00e0 d\u00e9faut, au moyen d\u2019une demande d\u00fbment sign\u00e9e. Toutefois, si le responsable du traitement a des doutes raisonnables quant \u00e0 l\u2019identit\u00e9 de la personne physique qui fait la demande, il peut demander les informations compl\u00e9mentaires n\u00e9cessaires pour confirmer son identit\u00e9. En outre, et surtout si vous estimez que vous n\u2019avez pas obtenu la pleine satisfaction dans l\u2019exercice de vos droits, vous pouvez soumettre une plainte \u00e0 l\u2019autorit\u00e9 nationale de contr\u00f4le en contactant l\u2019Agence espagnole de protection des donn\u00e9es, C \/ Jorge Juan, 6 &#8211; 28001 Madrid.<\/p>\n\n\n\n<p><strong>REGSITRE DES ACTIVIT\u00c9S DE TRAITEMENT<\/strong><\/p>\n\n\n\n<figure class=\"wp-block-table is-style-stripes\"><table class=\"has-fixed-layout\"><tbody><tr><td>a) Responsable<\/td><td>identifier: ANAYET LATITUD NORTE S.L. NIF: B31968068                                         Adresse postale: POL\u00cdGONO MUNICIPAL, VIAL 4, NAVE 9. 31500 TUDELA &#8211; NAVARRA                                                       E-mail: ADM@TRANSPYR.COM        T\u00e9l\u00e9phone: 696176836<\/td><\/tr><tr><td>b) Finalit\u00e9 du traitement<\/td><td>Gestion des relations avec la client\u00e8le<\/td><\/tr><tr><td>c) Cat\u00e9gories de parties prenantes<\/td><td>Clients&nbsp;: Personnes avec lesquelles une relation d\u2019affaires est maintenue en tant que clients<\/td><\/tr><tr><td>d) Cat\u00e9gories de donn\u00e9es<\/td><td>Ce qui est n\u00e9cessaire au maintien de la relation d\u2019affaires. Facturation, envoi de publicit\u00e9 postale ou par courriel, service apr\u00e8s-vente et fid\u00e9lisation.<br>Identification\u00a0: nom, NIF, adresse postale, num\u00e9ros de t\u00e9l\u00e9phone, e-mail. Caract\u00e9ristiques personnelles: date de naissance, sexe, nationalit\u00e9 et allergies\/intol\u00e9rances alimentaires.<\/td><\/tr><tr><td>e) Cat\u00e9gories de destinataires<\/td><td>Prestataires de services<\/td><\/tr><tr><td>f) Transfert international<\/td><td>Aucun transfert international pr\u00e9vu<\/td><\/tr><tr><td>g) P\u00e9riode de suppression<\/td><td>Les dispositions du droit fiscal relatives \u00e0 la limitation de responsabilit\u00e9<\/td><\/tr><tr><td><\/td><td><\/td><\/tr><\/tbody><\/table><\/figure>\n\n\n\n<p><strong>ATTENTION \u00c0 L\u2019EXERCICE DES DROITS<\/strong><\/p>\n\n\n\n<p>Le responsable du traitement informe tous les employ\u00e9s de la proc\u00e9dure d\u2019exercice des droits des personnes concern\u00e9es, en d\u00e9finissant clairement les m\u00e9canismes par lesquels ces droits peuvent \u00eatre exerc\u00e9s (moyens \u00e9lectroniques, r\u00e9f\u00e9rence au d\u00e9l\u00e9gu\u00e9 \u00e0 la protection des donn\u00e9es le cas \u00e9ch\u00e9ant, adresse postale, etc.) et en tenant compte des \u00e9l\u00e9ments suivants&nbsp;:<\/p>\n\n\n\n<ul class=\"wp-block-list\">\n<li>Sur pr\u00e9sentation de leur carte d\u2019identit\u00e9 ou passeport, les titulaires des donn\u00e9es personnelles (int\u00e9ress\u00e9s) peuvent exercer leurs droits d\u2019acc\u00e8s, de rectification, de suppression, d\u2019opposition, de portabilit\u00e9 et de limitation du traitement. L\u2019exercice des droits est libre.<\/li>\n\n\n\n<li>Le responsable du traitement r\u00e9pond aux personnes concern\u00e9es sans retard injustifi\u00e9 et de mani\u00e8re concise, transparente, intelligible, dans un langage clair et simple et conserve les preuves de l\u2019accomplissement de son devoir de r\u00e9pondre aux demandes d\u2019exercice des droits formul\u00e9es.<\/li>\n\n\n\n<li>Lorsque la demande est pr\u00e9sent\u00e9e par voie \u00e9lectronique, les informations sont fournies par ce moyen dans la mesure du possible, \u00e0 moins que la personne concern\u00e9e ne demande autrement.<\/li>\n\n\n\n<li>Les demandes doivent \u00eatre trait\u00e9es dans un d\u00e9lai d\u2019un mois \u00e0 compter de leur r\u00e9ception, avec possibilit\u00e9 de prolongation pour 2 mois suppl\u00e9mentaires en fonction de la complexit\u00e9 ou du nombre de demandes, mais dans ce cas, la personne concern\u00e9e doit \u00eatre inform\u00e9e de la prolongation dans un d\u00e9lai d\u2019un mois \u00e0 compter de la r\u00e9ception de la demande, en indiquant les raisons du retard.<\/li>\n<\/ul>\n\n\n\n<ol class=\"wp-block-list\">\n<li><strong>Droit d\u2019acc\u00e8s<\/strong>: dans le cadre du droit d\u2019acc\u00e8s, vous devrez fournir aux personnes concern\u00e9es une copie des donn\u00e9es personnelles disponibles ainsi que la finalit\u00e9 pour laquelle elles ont \u00e9t\u00e9 collect\u00e9es, l\u2019identit\u00e9 des destinataires des donn\u00e9es, les d\u00e9lais de conservation pr\u00e9vus ou les crit\u00e8res utilis\u00e9s pour les d\u00e9terminer, l\u2019existence d\u2019un droit \u00e0 la rectification ou \u00e0 la suppression des donn\u00e9es \u00e0 caract\u00e8re personnel et la limitation ou l\u2019opposition \u00e0 leur traitement, le droit de d\u00e9poser une plainte aupr\u00e8s de l\u2019Agence espagnole de protection des donn\u00e9es et, si les donn\u00e9es n\u2019ont pas \u00e9t\u00e9 obtenues aupr\u00e8s de la partie int\u00e9ress\u00e9e, toute information disponible sur son origine. Le droit d\u2019obtenir une copie des donn\u00e9es ne peut porter atteinte aux droits et libert\u00e9s d\u2019autres personnes concern\u00e9es.<\/li>\n\n\n\n<li><strong>Droit de rectification<\/strong>: Dans le droit de rectification, nous proc\u00e9derons \u00e0 la modification des donn\u00e9es des parties int\u00e9ress\u00e9es qui \u00e9taient inexactes ou incompl\u00e8tes selon les finalit\u00e9s du traitement. La personne concern\u00e9e indique dans sa demande les donn\u00e9es auxquelles elle se r\u00e9f\u00e8re et la correction \u00e0 apporter, en fournissant, le cas \u00e9ch\u00e9ant, des preuves documentaires de l\u2019inexactitude ou de l\u2019incompl\u00e9tude des donn\u00e9es \u00e0 traiter. Si le responsable du traitement a communiqu\u00e9 les donn\u00e9es \u00e0 d\u2019autres responsables, il doit les informer de la rectification de celles-ci, sauf si cela est impossible ou n\u00e9cessite un effort disproportionn\u00e9, en fournissant \u00e0 la personne concern\u00e9e des informations sur ces destinataires, si elles sont demand\u00e9es.<\/li>\n\n\n\n<li><strong>Droit \u00e0 la suppression<\/strong>: dans le droit \u00e0 l\u2019effacement, les donn\u00e9es des personnes concern\u00e9es seront supprim\u00e9es lorsqu\u2019elles expriment leur refus de traitement et qu\u2019il n\u2019existe aucune base l\u00e9gale pour cela, ne sont pas n\u00e9cessaires en relation avec les finalit\u00e9s pour lesquelles elles ont \u00e9t\u00e9 collect\u00e9es, retirer le consentement donn\u00e9 et il n\u2019y a pas d\u2019autre base l\u00e9gale pour le traitement ou il est ill\u00e9gal. Si la suppression r\u00e9sulte de l\u2019exercice du droit d\u2019opposition au traitement de vos donn\u00e9es \u00e0 des fins de marketing, les donn\u00e9es d\u2019identification de la personne concern\u00e9e peuvent \u00eatre conserv\u00e9es afin d\u2019emp\u00eacher un traitement futur. Si le responsable du traitement a communiqu\u00e9 les donn\u00e9es \u00e0 d\u2019autres responsables, il doit les informer de la suppression, sauf si cela est impossible ou n\u00e9cessite un effort disproportionn\u00e9, en fournissant \u00e0 la personne concern\u00e9e des informations sur ces destinataires, si elle en fait la demande.<\/li>\n\n\n\n<li><strong>Droit d\u2019opposition:<\/strong> dans le droit d\u2019opposition, lorsque les personnes concern\u00e9es expriment leur refus au traitement de leurs donn\u00e9es personnelles avec le responsable du traitement, cela les arr\u00eatera de traiter \u00e0 condition qu\u2019il n\u2019y ait aucune obligation l\u00e9gale l\u2019emp\u00eachant. Lorsque le traitement est fond\u00e9 sur une mission d\u2019int\u00e9r\u00eat public ou l\u2019int\u00e9r\u00eat l\u00e9gitime du responsable du traitement, en r\u00e9ponse \u00e0 une demande d\u2019exercice du droit d\u2019opposition, le responsable du traitement cesse de traiter les donn\u00e9es \u00e0 moins qu\u2019il n\u2019y ait des raisons imp\u00e9rieuses qui pr\u00e9valent sur les int\u00e9r\u00eats, droits et libert\u00e9s de la personne concern\u00e9e ou sont n\u00e9cessaires pour la formulation, l\u2019exercice ou la d\u00e9fense des r\u00e9clamations. Si la personne concern\u00e9e s\u2019oppose au traitement \u00e0 des fins de marketing direct, les donn\u00e9es personnelles ne seront plus trait\u00e9es \u00e0 ces fins.<\/li>\n\n\n\n<li><strong>Droit de portabilit\u00e9:<\/strong> En vertu du droit de portabilit\u00e9, si le traitement est effectu\u00e9 par des moyens automatis\u00e9s et est fond\u00e9 sur un consentement ou est effectu\u00e9 dans le cadre d\u2019un contrat, les personnes concern\u00e9es peuvent demander \u00e0 recevoir une copie de leurs donn\u00e9es personnelles sous un format structur\u00e9, couramment utilis\u00e9s et lisibles par machine. Ils ont \u00e9galement le droit de demander qu\u2019elles soient transmises directement \u00e0 un nouveau responsable du traitement, dont l\u2019identit\u00e9 sera divulgu\u00e9e lorsque cela est techniquement possible.<\/li>\n\n\n\n<li><strong>Droit \u00e0 la limitation du traitement:<\/strong> dans le droit \u00e0 la limitation du traitement, les personnes concern\u00e9es peuvent demander la suspension du traitement de leurs donn\u00e9es pour contester son exactitude pendant que le responsable effectue les v\u00e9rifications n\u00e9cessaires ou si le traitement est effectu\u00e9 sur la base de l\u2019int\u00e9r\u00eat l\u00e9gitime du responsable ou en conformit\u00e9 avec une mission d\u2019int\u00e9r\u00eat public, en v\u00e9rifiant si ces motifs l\u2019emportent sur les int\u00e9r\u00eats, droits et libert\u00e9s de la personne concern\u00e9e. La personne concern\u00e9e peut \u00e9galement demander la conservation des donn\u00e9es si elle estime que le traitement est ill\u00e9gal et demande, au lieu de l\u2019effacement, une limitation du traitement ou m\u00eame si elle n\u2019en a pas besoin pour les fins pour lesquelles elles ont \u00e9t\u00e9 collect\u00e9es, la personne concern\u00e9e en a besoin pour formuler, exercer ou d\u00e9fendre ses cr\u00e9ances. Le fait que le traitement des donn\u00e9es de la personne concern\u00e9e est limit\u00e9 doit \u00eatre clairement indiqu\u00e9 dans les syst\u00e8mes du responsable du traitement. Si le responsable du traitement a communiqu\u00e9 les donn\u00e9es \u00e0 d\u2019autres responsables, il doit les informer de la limitation du traitement, sauf si cela est impossible ou n\u00e9cessite un effort disproportionn\u00e9, en fournissant des informations sur ces destinataires \u00e0 la personne concern\u00e9e, si elle en fait la demande.<\/li>\n<\/ol>\n\n\n\n<p>Si la demande de la personne concern\u00e9e n\u2019est pas suivie d\u2019effet, le responsable du traitement l\u2019informe sans d\u00e9lai et au plus tard un mois apr\u00e8s r\u00e9ception de la demande, les raisons de son inaction et la possibilit\u00e9 de d\u00e9poser une plainte aupr\u00e8s de l\u2019Agence espagnole de protection des donn\u00e9es et d\u2019exercer des actions en justice.<\/p>\n","protected":false},"excerpt":{"rendered":"<p>R\u00e8glement g\u00e9n\u00e9ral de la protection des donn\u00e9es (RGDP) \u2013 D\u00e9cembre 2018 Nous vous informons que les donn\u00e9es personnelles de nos clients seront trait\u00e9es conform\u00e9ment \u00e0 la l\u00e9gislation en vigueur sur la protection des donn\u00e9es personnelles, la vie priv\u00e9e des utilisateurs et le secret et la s\u00e9curit\u00e9 des donn\u00e9es personnelles, conform\u00e9ment aux dispositions de la loi [&hellip;]<\/p>\n","protected":false},"author":3,"featured_media":0,"parent":0,"menu_order":0,"comment_status":"closed","ping_status":"open","template":"","meta":{"_acf_changed":false,"inline_featured_image":false,"_monsterinsights_skip_tracking":false,"_monsterinsights_sitenote_active":false,"_monsterinsights_sitenote_note":"","_monsterinsights_sitenote_category":0,"footnotes":""},"tipos-de-pagina":[],"class_list":["post-8288","page","type-page","status-publish","hentry"],"acf":[],"yoast_head":"<!-- This site is optimized with the Yoast SEO plugin v27.1.1 - https:\/\/yoast.com\/product\/yoast-seo-wordpress\/ -->\n<title>Politique de confidentialit\u00e9 - Transpyr<\/title>\n<meta name=\"robots\" content=\"index, follow, max-snippet:-1, max-image-preview:large, max-video-preview:-1\" \/>\n<link rel=\"canonical\" href=\"https:\/\/transpyr.com\/fr\/politica-privacidad\" \/>\n<meta property=\"og:locale\" content=\"fr_FR\" \/>\n<meta property=\"og:type\" content=\"article\" \/>\n<meta property=\"og:title\" content=\"Politique de confidentialit\u00e9 - Transpyr\" \/>\n<meta property=\"og:description\" content=\"R\u00e8glement g\u00e9n\u00e9ral de la protection des donn\u00e9es (RGDP) \u2013 D\u00e9cembre 2018 Nous vous informons que les donn\u00e9es personnelles de nos clients seront trait\u00e9es conform\u00e9ment \u00e0 la l\u00e9gislation en vigueur sur la protection des donn\u00e9es personnelles, la vie priv\u00e9e des utilisateurs et le secret et la s\u00e9curit\u00e9 des donn\u00e9es personnelles, conform\u00e9ment aux dispositions de la loi [&hellip;]\" \/>\n<meta property=\"og:url\" content=\"https:\/\/transpyr.com\/fr\/politica-privacidad\" \/>\n<meta property=\"og:site_name\" content=\"Transpyr\" \/>\n<meta property=\"article:modified_time\" content=\"2026-02-09T07:14:02+00:00\" \/>\n<meta name=\"twitter:card\" content=\"summary_large_image\" \/>\n<meta name=\"twitter:label1\" content=\"Dur\u00e9e de lecture estim\u00e9e\" \/>\n\t<meta name=\"twitter:data1\" content=\"8 minutes\" \/>\n<script type=\"application\/ld+json\" class=\"yoast-schema-graph\">{\"@context\":\"https:\/\/schema.org\",\"@graph\":[{\"@type\":\"WebPage\",\"@id\":\"https:\/\/transpyr.com\/fr\/politica-privacidad\",\"url\":\"https:\/\/transpyr.com\/fr\/politica-privacidad\",\"name\":\"Politique de confidentialit\u00e9 - Transpyr\",\"isPartOf\":{\"@id\":\"https:\/\/transpyr.com\/fr#website\"},\"datePublished\":\"2024-01-29T13:40:51+00:00\",\"dateModified\":\"2026-02-09T07:14:02+00:00\",\"breadcrumb\":{\"@id\":\"https:\/\/transpyr.com\/fr\/politica-privacidad#breadcrumb\"},\"inLanguage\":\"fr-FR\",\"potentialAction\":[{\"@type\":\"ReadAction\",\"target\":[\"https:\/\/transpyr.com\/fr\/politica-privacidad\"]}]},{\"@type\":\"BreadcrumbList\",\"@id\":\"https:\/\/transpyr.com\/fr\/politica-privacidad#breadcrumb\",\"itemListElement\":[{\"@type\":\"ListItem\",\"position\":1,\"name\":\"Portada\",\"item\":\"https:\/\/transpyr.com\/fr\"},{\"@type\":\"ListItem\",\"position\":2,\"name\":\"Politique de confidentialit\u00e9\"}]},{\"@type\":\"WebSite\",\"@id\":\"https:\/\/transpyr.com\/fr#website\",\"url\":\"https:\/\/transpyr.com\/fr\",\"name\":\"Transpyr\",\"description\":\"Carrera de mountain bike a trav\u00e9s de los Pirineos\",\"potentialAction\":[{\"@type\":\"SearchAction\",\"target\":{\"@type\":\"EntryPoint\",\"urlTemplate\":\"https:\/\/transpyr.com\/fr?s={search_term_string}\"},\"query-input\":{\"@type\":\"PropertyValueSpecification\",\"valueRequired\":true,\"valueName\":\"search_term_string\"}}],\"inLanguage\":\"fr-FR\"}]}<\/script>\n<!-- \/ Yoast SEO plugin. -->","yoast_head_json":{"title":"Politique de confidentialit\u00e9 - Transpyr","robots":{"index":"index","follow":"follow","max-snippet":"max-snippet:-1","max-image-preview":"max-image-preview:large","max-video-preview":"max-video-preview:-1"},"canonical":"https:\/\/transpyr.com\/fr\/politica-privacidad","og_locale":"fr_FR","og_type":"article","og_title":"Politique de confidentialit\u00e9 - Transpyr","og_description":"R\u00e8glement g\u00e9n\u00e9ral de la protection des donn\u00e9es (RGDP) \u2013 D\u00e9cembre 2018 Nous vous informons que les donn\u00e9es personnelles de nos clients seront trait\u00e9es conform\u00e9ment \u00e0 la l\u00e9gislation en vigueur sur la protection des donn\u00e9es personnelles, la vie priv\u00e9e des utilisateurs et le secret et la s\u00e9curit\u00e9 des donn\u00e9es personnelles, conform\u00e9ment aux dispositions de la loi [&hellip;]","og_url":"https:\/\/transpyr.com\/fr\/politica-privacidad","og_site_name":"Transpyr","article_modified_time":"2026-02-09T07:14:02+00:00","twitter_card":"summary_large_image","twitter_misc":{"Dur\u00e9e de lecture estim\u00e9e":"8 minutes"},"schema":{"@context":"https:\/\/schema.org","@graph":[{"@type":"WebPage","@id":"https:\/\/transpyr.com\/fr\/politica-privacidad","url":"https:\/\/transpyr.com\/fr\/politica-privacidad","name":"Politique de confidentialit\u00e9 - Transpyr","isPartOf":{"@id":"https:\/\/transpyr.com\/fr#website"},"datePublished":"2024-01-29T13:40:51+00:00","dateModified":"2026-02-09T07:14:02+00:00","breadcrumb":{"@id":"https:\/\/transpyr.com\/fr\/politica-privacidad#breadcrumb"},"inLanguage":"fr-FR","potentialAction":[{"@type":"ReadAction","target":["https:\/\/transpyr.com\/fr\/politica-privacidad"]}]},{"@type":"BreadcrumbList","@id":"https:\/\/transpyr.com\/fr\/politica-privacidad#breadcrumb","itemListElement":[{"@type":"ListItem","position":1,"name":"Portada","item":"https:\/\/transpyr.com\/fr"},{"@type":"ListItem","position":2,"name":"Politique de confidentialit\u00e9"}]},{"@type":"WebSite","@id":"https:\/\/transpyr.com\/fr#website","url":"https:\/\/transpyr.com\/fr","name":"Transpyr","description":"Carrera de mountain bike a trav\u00e9s de los Pirineos","potentialAction":[{"@type":"SearchAction","target":{"@type":"EntryPoint","urlTemplate":"https:\/\/transpyr.com\/fr?s={search_term_string}"},"query-input":{"@type":"PropertyValueSpecification","valueRequired":true,"valueName":"search_term_string"}}],"inLanguage":"fr-FR"}]}},"_links":{"self":[{"href":"https:\/\/transpyr.com\/fr\/wp-json\/wp\/v2\/pages\/8288","targetHints":{"allow":["GET"]}}],"collection":[{"href":"https:\/\/transpyr.com\/fr\/wp-json\/wp\/v2\/pages"}],"about":[{"href":"https:\/\/transpyr.com\/fr\/wp-json\/wp\/v2\/types\/page"}],"author":[{"embeddable":true,"href":"https:\/\/transpyr.com\/fr\/wp-json\/wp\/v2\/users\/3"}],"replies":[{"embeddable":true,"href":"https:\/\/transpyr.com\/fr\/wp-json\/wp\/v2\/comments?post=8288"}],"version-history":[{"count":3,"href":"https:\/\/transpyr.com\/fr\/wp-json\/wp\/v2\/pages\/8288\/revisions"}],"predecessor-version":[{"id":48715,"href":"https:\/\/transpyr.com\/fr\/wp-json\/wp\/v2\/pages\/8288\/revisions\/48715"}],"wp:attachment":[{"href":"https:\/\/transpyr.com\/fr\/wp-json\/wp\/v2\/media?parent=8288"}],"wp:term":[{"taxonomy":"tipos-de-pagina","embeddable":true,"href":"https:\/\/transpyr.com\/fr\/wp-json\/wp\/v2\/tipos-de-pagina?post=8288"}],"curies":[{"name":"wp","href":"https:\/\/api.w.org\/{rel}","templated":true}]}}