{"id":8294,"date":"2024-09-07T12:45:10","date_gmt":"2024-09-07T10:45:10","guid":{"rendered":"https:\/\/www.transpyr.com\/politica-de-cookies\/"},"modified":"2024-11-14T11:52:36","modified_gmt":"2024-11-14T10:52:36","slug":"politica-de-cookies","status":"publish","type":"page","link":"https:\/\/transpyr.com\/fr\/politica-de-cookies","title":{"rendered":"Politique de cookies"},"content":{"rendered":"\n<p>Les cookies sont de petits fichiers texte qui s\u2019installent sur les appareils depuis lesquels vous acc\u00e9dez \u00e0 notre site web. Ils peuvent enregistrer l\u2019identification de l\u2019utilisateur qui visite le site et le contenu qu\u2019il consulte. Lorsqu\u2019un utilisateur (vous, dans ce cas) nous rend \u00e0 nouveau visite, les cookies sont lus pour l\u2019identifier et r\u00e9tablir ses pr\u00e9f\u00e9rences et ses param\u00e8tres de navigation. Si un utilisateur n\u2019autorise pas l\u2019utilisation des cookies, certains services ou fonctionnalit\u00e9s du site web pourraient ne pas \u00eatre disponibles.<\/p>\n\n\n\n<p>Nous voulons que ce site web offre un bon service et soit facile \u00e0 utiliser. \u00c0 cet \u00e9gard, nous utilisons des cookies de Google Analytics. Cela nous permet de:<\/p>\n\n\n\n<p>\u2022 Analyser statistiquement les informations auxquelles les utilisateurs acc\u00e8dent sur notre site web. Les donn\u00e9es collect\u00e9es peuvent inclure l\u2019activit\u00e9 de navigation de l\u2019utilisateur lors de sa visite, le parcours suivi par les utilisateurs sur notre site, des informations sur le fournisseur de services Internet du visiteur, le nombre de fois que les utilisateurs acc\u00e8dent au site web, et le comportement des utilisateurs sur notre site (pages visit\u00e9es, formulaires compl\u00e9t\u00e9s, etc.).<\/p>\n\n\n\n<p>\u2022 Identifier les utilisateurs qui nous rendent visite \u00e0 partir de l\u2019invitation d\u2019un site web associ\u00e9 ou d\u2019un lien sponsoris\u00e9.<\/p>\n\n\n\n<p>Vous pouvez en savoir plus sur Google Analytics \u00e0 l\u2019adresse <a href=\"http:\/\/www.google.com\/analytics\/\">www.google.com\/analytics\/<\/a>. Pour contr\u00f4ler la collecte de donn\u00e9es \u00e0 des fins d\u2019analyse par Google Analytics, vous pouvez consulter <a href=\"https:\/\/tools.google.com\/dlpage\/gaoptout?hl=frhttps:\/\/tools.google.com\/dlpage\/gaoptout?hl=fr\">https:\/\/tools.google.com\/dlpage\/gaoptout?hl=fr<\/a>.<\/p>\n\n\n\n<p>Vous pouvez r\u00e9voquer votre consentement \u00e0 l\u2019utilisation des cookies en les supprimant via les options offertes par votre navigateur.<\/p>\n\n\n\n<p>Vous pouvez \u00e9galement configurer votre navigateur pour qu\u2019il vous informe \u00e0 l\u2019avance de la possible installation de cookies. De plus, vous pouvez choisir de les supprimer automatiquement une fois le navigateur, l\u2019appareil ou l\u2019ordinateur ferm\u00e9.<\/p>\n\n\n\n<p><a href=\"https:\/\/support.mozilla.org\/es\/kb\/Borrar%20cookies\">Firefox<\/a><\/p>\n\n\n\n<p><a href=\"https:\/\/support.google.com\/chrome\/answer\/95647?hl=es&amp;hlrm=en\">Chrome<\/a><\/p>\n\n\n\n<p><a href=\"https:\/\/support.microsoft.com\/es-es\/hub\/4338813\/windows-help?os=windows-10\">Explorer<\/a><\/p>\n\n\n\n<p><a href=\"https:\/\/support.apple.com\/es-es\/guide\/safari\/sfri11471\/mac\">Safari<\/a><\/p>\n\n\n\n<p><a href=\"http:\/\/support.google.com\/android\/?hl=es\">Android<\/a><\/p>\n\n\n\n<p><a href=\"http:\/\/www.windowsphone.com\/es-ES\/how-to\/wp7\/web\/changing-privacy-and-other-browser-settings\">Windows phone<\/a><\/p>\n\n\n\n<figure class=\"wp-block-table\"><table class=\"has-fixed-layout\"><tbody><tr><td>Techniques<\/td><td>Propre<\/td><td>PHPSESSID<\/td><td>Propre<\/td><td>1 an<\/td><td>PHPSESSID. Ce cookie est utilis\u00e9 par le langage de cryptage PHP pour permettre aux variables de session d\u2019\u00eatre enregistr\u00e9es sur le serveur web.<\/td><\/tr><tr><td>Techniques<\/td><td>Propre<\/td><td>wp-settings-time-1, wp-settings-1<\/td><td>Propre<\/td><td>1 an<\/td><td>Ces cookies sont utilis\u00e9s par WordPress pour personnaliser l\u2019interface utilisateur.<\/td><\/tr><tr><td>Techniques<\/td><td>Propre<\/td><td>wordpress_logged_in_<\/td><td>Propre<\/td><td>1 an<\/td><td>Apr\u00e8s le loggin, WordPress active le cookie wordpress_logged_in_, dont la fonction est d\u2019indiquer quand il s\u2019est connect\u00e9 et qui il est, \u00e9tant utilis\u00e9 par l\u2019interface de WordPress.<\/td><\/tr><tr><td>Techniques<\/td><td>Propre<\/td><td>wp-wpml_current_language<\/td><td>Propre<\/td><td>1 an<\/td><td>Permet de m\u00e9moriser la langue de l\u2019utilisateur<\/td><\/tr><tr><td>Techniques<\/td><td>Propre<\/td><td>concentiment_cookies<\/td><td>Propre<\/td><td>1 an<\/td><td>Enregistrer la valeur de l\u2019acceptation de l\u2019affiche des cookies<\/td><\/tr><tr><td>Techniques<\/td><td>Propre<\/td><td>dateExpireCookie<\/td><td>Propre<\/td><td>1 an<\/td><td>Enregistre la date d\u2019expiration du cookie de l\u2019affiche des cookies<\/td><\/tr><tr><td>Techniques<\/td><td>Propre<\/td><td>woocommerce_cart_hash\/<br>woocommerce_items_in_cart<\/td><td>Propre<\/td><td>1 an<\/td><td>Ils contiennent des informations sur le panier et aident simplement WooCommerce \u00e0 savoir quand les donn\u00e9es du panier changent<\/td><\/tr><tr><td>Techniques<\/td><td>Propre<\/td><td>wp_woocommerce_session_<\/td><td>Propre<\/td><td>1 an<\/td><td>Code unique par client, correspondant \u00e0 une entr\u00e9e dans la table personnalis\u00e9e de wp_woocommerce_sessions dans la base de donn\u00e9es.<\/td><\/tr><tr><td>Techniques<\/td><td>GOOGLE<\/td><td>_ga<\/td><td>Autrui<\/td><td>2 ann\u00e9s<\/td><td>Fournir des statistiques d\u2019utilisation des sites web. Ils peuvent \u00e9galement \u00eatre utilis\u00e9s avec certains des cookies publicitaires d\u00e9crits ci-dessus pour afficher des publicit\u00e9s plus pertinentes sur les propri\u00e9t\u00e9s de Google<\/td><\/tr><tr><td>Techniques<\/td><td>GOOGLE<\/td><td>_gid<\/td><td>Autrui<\/td><td>23 heures<\/td><td>Enregistre une identification unique qui est utilis\u00e9e pour g\u00e9n\u00e9rer des donn\u00e9es statistiques sur la fa\u00e7on dont le visiteur utilise le site.<\/td><\/tr><tr><td>Techniques<\/td><td>GOOGLE<\/td><td>_gat<\/td><td>Autrui<\/td><td>1 minute<\/td><td>Utilis\u00e9 pour limiter le pourcentage de demandes. Si Google Analytics a \u00e9t\u00e9 impl\u00e9ment\u00e9 via Google Tag Manager, ce cookie sera nomm\u00e9 <em>dc_gtm<\/em>.<\/td><\/tr><\/tbody><\/table><\/figure>\n\n\n\n<p><\/p>\n","protected":false},"excerpt":{"rendered":"<p>Les cookies sont de petits fichiers texte qui s\u2019installent sur les appareils depuis lesquels vous acc\u00e9dez \u00e0 notre site web. Ils peuvent enregistrer l\u2019identification de l\u2019utilisateur qui visite le site et le contenu qu\u2019il consulte. Lorsqu\u2019un utilisateur (vous, dans ce cas) nous rend \u00e0 nouveau visite, les cookies sont lus pour l\u2019identifier et r\u00e9tablir ses [&hellip;]<\/p>\n","protected":false},"author":5,"featured_media":0,"parent":0,"menu_order":0,"comment_status":"closed","ping_status":"closed","template":"","meta":{"_acf_changed":false,"inline_featured_image":false,"_monsterinsights_skip_tracking":false,"_monsterinsights_sitenote_active":false,"_monsterinsights_sitenote_note":"","_monsterinsights_sitenote_category":0,"footnotes":""},"tipos-de-pagina":[],"class_list":["post-8294","page","type-page","status-publish","hentry"],"acf":[],"yoast_head":"<!-- This site is optimized with the Yoast SEO plugin v27.1.1 - https:\/\/yoast.com\/product\/yoast-seo-wordpress\/ -->\n<title>Politique de cookies - Transpyr<\/title>\n<meta name=\"robots\" content=\"index, follow, max-snippet:-1, max-image-preview:large, max-video-preview:-1\" \/>\n<link rel=\"canonical\" href=\"https:\/\/transpyr.com\/fr\/politica-de-cookies\" \/>\n<meta property=\"og:locale\" content=\"fr_FR\" \/>\n<meta property=\"og:type\" content=\"article\" \/>\n<meta property=\"og:title\" content=\"Politique de cookies - Transpyr\" \/>\n<meta property=\"og:description\" content=\"Les cookies sont de petits fichiers texte qui s\u2019installent sur les appareils depuis lesquels vous acc\u00e9dez \u00e0 notre site web. Ils peuvent enregistrer l\u2019identification de l\u2019utilisateur qui visite le site et le contenu qu\u2019il consulte. Lorsqu\u2019un utilisateur (vous, dans ce cas) nous rend \u00e0 nouveau visite, les cookies sont lus pour l\u2019identifier et r\u00e9tablir ses [&hellip;]\" \/>\n<meta property=\"og:url\" content=\"https:\/\/transpyr.com\/fr\/politica-de-cookies\" \/>\n<meta property=\"og:site_name\" content=\"Transpyr\" \/>\n<meta property=\"article:modified_time\" content=\"2024-11-14T10:52:36+00:00\" \/>\n<meta name=\"twitter:card\" content=\"summary_large_image\" \/>\n<meta name=\"twitter:label1\" content=\"Dur\u00e9e de lecture estim\u00e9e\" \/>\n\t<meta name=\"twitter:data1\" content=\"3 minutes\" \/>\n<script type=\"application\/ld+json\" class=\"yoast-schema-graph\">{\"@context\":\"https:\/\/schema.org\",\"@graph\":[{\"@type\":\"WebPage\",\"@id\":\"https:\/\/transpyr.com\/fr\/politica-de-cookies\",\"url\":\"https:\/\/transpyr.com\/fr\/politica-de-cookies\",\"name\":\"Politique de cookies - Transpyr\",\"isPartOf\":{\"@id\":\"https:\/\/transpyr.com\/fr#website\"},\"datePublished\":\"2024-09-07T10:45:10+00:00\",\"dateModified\":\"2024-11-14T10:52:36+00:00\",\"breadcrumb\":{\"@id\":\"https:\/\/transpyr.com\/fr\/politica-de-cookies#breadcrumb\"},\"inLanguage\":\"fr-FR\",\"potentialAction\":[{\"@type\":\"ReadAction\",\"target\":[\"https:\/\/transpyr.com\/fr\/politica-de-cookies\"]}]},{\"@type\":\"BreadcrumbList\",\"@id\":\"https:\/\/transpyr.com\/fr\/politica-de-cookies#breadcrumb\",\"itemListElement\":[{\"@type\":\"ListItem\",\"position\":1,\"name\":\"Portada\",\"item\":\"https:\/\/transpyr.com\/fr\"},{\"@type\":\"ListItem\",\"position\":2,\"name\":\"Politique de cookies\"}]},{\"@type\":\"WebSite\",\"@id\":\"https:\/\/transpyr.com\/fr#website\",\"url\":\"https:\/\/transpyr.com\/fr\",\"name\":\"Transpyr\",\"description\":\"Carrera de mountain bike a trav\u00e9s de los Pirineos\",\"potentialAction\":[{\"@type\":\"SearchAction\",\"target\":{\"@type\":\"EntryPoint\",\"urlTemplate\":\"https:\/\/transpyr.com\/fr?s={search_term_string}\"},\"query-input\":{\"@type\":\"PropertyValueSpecification\",\"valueRequired\":true,\"valueName\":\"search_term_string\"}}],\"inLanguage\":\"fr-FR\"}]}<\/script>\n<!-- \/ Yoast SEO plugin. -->","yoast_head_json":{"title":"Politique de cookies - Transpyr","robots":{"index":"index","follow":"follow","max-snippet":"max-snippet:-1","max-image-preview":"max-image-preview:large","max-video-preview":"max-video-preview:-1"},"canonical":"https:\/\/transpyr.com\/fr\/politica-de-cookies","og_locale":"fr_FR","og_type":"article","og_title":"Politique de cookies - Transpyr","og_description":"Les cookies sont de petits fichiers texte qui s\u2019installent sur les appareils depuis lesquels vous acc\u00e9dez \u00e0 notre site web. Ils peuvent enregistrer l\u2019identification de l\u2019utilisateur qui visite le site et le contenu qu\u2019il consulte. Lorsqu\u2019un utilisateur (vous, dans ce cas) nous rend \u00e0 nouveau visite, les cookies sont lus pour l\u2019identifier et r\u00e9tablir ses [&hellip;]","og_url":"https:\/\/transpyr.com\/fr\/politica-de-cookies","og_site_name":"Transpyr","article_modified_time":"2024-11-14T10:52:36+00:00","twitter_card":"summary_large_image","twitter_misc":{"Dur\u00e9e de lecture estim\u00e9e":"3 minutes"},"schema":{"@context":"https:\/\/schema.org","@graph":[{"@type":"WebPage","@id":"https:\/\/transpyr.com\/fr\/politica-de-cookies","url":"https:\/\/transpyr.com\/fr\/politica-de-cookies","name":"Politique de cookies - Transpyr","isPartOf":{"@id":"https:\/\/transpyr.com\/fr#website"},"datePublished":"2024-09-07T10:45:10+00:00","dateModified":"2024-11-14T10:52:36+00:00","breadcrumb":{"@id":"https:\/\/transpyr.com\/fr\/politica-de-cookies#breadcrumb"},"inLanguage":"fr-FR","potentialAction":[{"@type":"ReadAction","target":["https:\/\/transpyr.com\/fr\/politica-de-cookies"]}]},{"@type":"BreadcrumbList","@id":"https:\/\/transpyr.com\/fr\/politica-de-cookies#breadcrumb","itemListElement":[{"@type":"ListItem","position":1,"name":"Portada","item":"https:\/\/transpyr.com\/fr"},{"@type":"ListItem","position":2,"name":"Politique de cookies"}]},{"@type":"WebSite","@id":"https:\/\/transpyr.com\/fr#website","url":"https:\/\/transpyr.com\/fr","name":"Transpyr","description":"Carrera de mountain bike a trav\u00e9s de los Pirineos","potentialAction":[{"@type":"SearchAction","target":{"@type":"EntryPoint","urlTemplate":"https:\/\/transpyr.com\/fr?s={search_term_string}"},"query-input":{"@type":"PropertyValueSpecification","valueRequired":true,"valueName":"search_term_string"}}],"inLanguage":"fr-FR"}]}},"_links":{"self":[{"href":"https:\/\/transpyr.com\/fr\/wp-json\/wp\/v2\/pages\/8294","targetHints":{"allow":["GET"]}}],"collection":[{"href":"https:\/\/transpyr.com\/fr\/wp-json\/wp\/v2\/pages"}],"about":[{"href":"https:\/\/transpyr.com\/fr\/wp-json\/wp\/v2\/types\/page"}],"author":[{"embeddable":true,"href":"https:\/\/transpyr.com\/fr\/wp-json\/wp\/v2\/users\/5"}],"replies":[{"embeddable":true,"href":"https:\/\/transpyr.com\/fr\/wp-json\/wp\/v2\/comments?post=8294"}],"version-history":[{"count":2,"href":"https:\/\/transpyr.com\/fr\/wp-json\/wp\/v2\/pages\/8294\/revisions"}],"predecessor-version":[{"id":18800,"href":"https:\/\/transpyr.com\/fr\/wp-json\/wp\/v2\/pages\/8294\/revisions\/18800"}],"wp:attachment":[{"href":"https:\/\/transpyr.com\/fr\/wp-json\/wp\/v2\/media?parent=8294"}],"wp:term":[{"taxonomy":"tipos-de-pagina","embeddable":true,"href":"https:\/\/transpyr.com\/fr\/wp-json\/wp\/v2\/tipos-de-pagina?post=8294"}],"curies":[{"name":"wp","href":"https:\/\/api.w.org\/{rel}","templated":true}]}}