{"id":9922,"date":"2024-10-15T00:44:21","date_gmt":"2024-10-14T22:44:21","guid":{"rendered":"https:\/\/transpyr.com\/condiciones-de-contratacion"},"modified":"2026-02-09T15:24:45","modified_gmt":"2026-02-09T14:24:45","slug":"condiciones-de-contratacion","status":"publish","type":"page","link":"https:\/\/transpyr.com\/fr\/condiciones-de-contratacion","title":{"rendered":"Conditions G\u00e9n\u00e9rales de Vente"},"content":{"rendered":"\n<p><strong>0. Introduction<\/strong><\/p>\n\n\n\n<p><strong>TRANSPYR COAST TO COAST<\/strong> est un \u00e9v\u00e9nement qui se d\u00e9roule dans le cadre de la travers\u00e9e compl\u00e8te des Pyr\u00e9n\u00e9es, incluant diverses \u00e9preuves cyclistes ou modalit\u00e9s de participation. Il est organis\u00e9 par la soci\u00e9t\u00e9 <strong>ANAYET LATITUD NORTE S.L.<\/strong><\/p>\n\n\n\n<p><strong>1. Qualification des participants<\/strong><\/p>\n\n\n\n<p><strong>TRANSPYR COAST TO COAST<\/strong> est ouvert aux cyclistes exp\u00e9riment\u00e9s ou avanc\u00e9s ayant un niveau de r\u00e9sistance physique et mentale appropri\u00e9. Les participants doivent \u00eatre \u00e2g\u00e9s de plus de 18 ans \u00e0 partir du premier jour de l\u2019\u00e9preuve. Les participants sont enti\u00e8rement responsables de leur \u00e9tat de sant\u00e9 et doivent, \u00e0 cet effet, soumettre un certificat m\u00e9dical d\u00fbment rempli, disponible dans leur espace participant.<\/p>\n\n\n\n<p><strong>2. Conditions g\u00e9n\u00e9rales<\/strong><\/p>\n\n\n\n<p>Tout participant doit accepter les <strong>CONDITIONS D\u2019INSCRIPTION<\/strong> et le <strong>R\u00c8GLEMENT PARTICULIER<\/strong> de sa modalit\u00e9 d\u2019inscription et suivre les orientations et instructions donn\u00e9es par le personnel de l\u2019organisation. Toutes les instructions contenues dans la convocation officielle de <strong>TRANSPYR COAST TO COAST<\/strong> constituent une obligation contractuelle pour le participant. Toute r\u00e9clamation concernant le contrat ou les services fournis par l\u2019organisateur, <strong>ANAYET LATITUD NORTE S.L.<\/strong>, doit \u00eatre soumise exclusivement \u00e0 la fin de l\u2019\u00e9v\u00e9nement, dans le mois suivant la fin contractuelle de l\u2019\u00e9v\u00e9nement, et adress\u00e9e uniquement \u00e0 l\u2019organisateur \u00e0 l\u2019adresse indiqu\u00e9e ci-dessous.<\/p>\n\n\n\n<p><strong>3. Inscription<\/strong><\/p>\n\n\n\n<p>Chaque participant doit formaliser son inscription via Internet sur ce site officiel dans les d\u00e9lais \u00e9tablis par l\u2019organisation. L\u2019organisation se r\u00e9serve le droit de prolonger la p\u00e9riode d\u2019inscription. L\u2019inscription \u00e0 <strong>Transpyr<\/strong> (dans n\u2019importe laquelle de ses modalit\u00e9s) est personnelle et non transf\u00e9rable, et la participation peut se faire en \u00e9quipe (dans le cas de la <strong>Gran Raid MTB<\/strong>) ou individuellement, bien qu\u2019il soit toujours recommand\u00e9 de rouler en compagnie. En cas de participation en \u00e9quipe, chaque membre doit remplir et soumettre un formulaire d\u2019inscription individuel en indiquant le nom de l\u2019\u00e9quipe. L\u2019inscription sera effective apr\u00e8s que le participant aura accept\u00e9 les <strong>CONDITIONS D\u2019INSCRIPTION<\/strong> et le <strong>R\u00c8GLEMENT PARTICULIER<\/strong> et lorsque l\u2019organisation aura re\u00e7u le paiement des frais d\u2019inscription.<\/p>\n\n\n\n<p>Deux mois avant le d\u00e9but de l\u2019\u00e9v\u00e9nement, l\u2019organisation \u00e9tablit des frais de gestion pour tout changement de modalit\u00e9 fix\u00e9s \u00e0 <strong>30,00 \u20ac<\/strong>. Un mois avant le d\u00e9but de l\u2019\u00e9v\u00e9nement, l\u2019organisation ne peut garantir que ces changements seront refl\u00e9t\u00e9s sur les dossards et autres \u00e9l\u00e9ments du pack participant.<\/p>\n\n\n\n<p>\u00catre inscrit \u00e0 <strong>Transpyr Coast to Coast<\/strong> donne droit \u00e0 recevoir les prestations d\u00e9finies dans le <strong>Pack Participant<\/strong> pour l\u2019ann\u00e9e en cours.<\/p>\n\n\n\n<p><strong>4. Conditions de paiement<\/strong><\/p>\n\n\n\n<p>Les conditions de paiement sont \u00e9tablies via la passerelle de paiement sur ce site.<\/p>\n\n\n\n<p><strong>5. Paiement en plusieurs fois<\/strong><\/p>\n\n\n\n<p>Le montant total des droits d\u2019inscription peut \u00eatre pay\u00e9 en deux versements, comme suit&nbsp;:<\/p>\n\n\n\n<ul class=\"wp-block-list\">\n<li>1r paiement (50%) &#8211; Au moment de l\u2019inscription<\/li>\n\n\n\n<li>2e versement (25&nbsp;%) &#8211; Date limite 31&nbsp;d\u00e9cembre&nbsp;2025<\/li>\n\n\n\n<li>3\u00e8me paiement (25%) &#8211; Date limite 25&nbsp;mars&nbsp;2026<\/li>\n<\/ul>\n\n\n\n<p>Les inscriptions effectu\u00e9es jusqu\u2019au 30&nbsp;novembre pourront b\u00e9n\u00e9ficier de trois \u00e9ch\u00e9ances; \u00e0 partir du 1&nbsp;d\u00e9cembre et jusqu\u2019au 28&nbsp;f\u00e9vrier, elles pourront b\u00e9n\u00e9ficier de deux \u00e9ch\u00e9ances. Les inscriptions effectu\u00e9es \u00e0 partir du 1&nbsp;mars ne sont pas \u00e9ligibles aux paiements \u00e9chelonn\u00e9s.<\/p>\n\n\n\n<p>Ces paiements ne sont pas d\u00e9bit\u00e9s automatiquement. Il est de la responsabilit\u00e9 du participant de se connecter \u00e0 son espace participant et de proc\u00e9der au paiement selon les conditions \u00e9tablies.<\/p>\n\n\n\n<p><strong>6. Annulations<\/strong><\/p>\n\n\n\n<p><strong>6.1. Annulation par le participant \u2013 Politique d\u2019annulation<\/strong><\/p>\n\n\n\n<p>L\u2019organisation permet l\u2019annulation de l\u2019inscription selon les p\u00e9riodes suivantes, avec les conditions financi\u00e8res correspondantes :<\/p>\n\n\n\n<p>\u2022 Jusqu\u2019au 10 d\u00e9cembre : Remboursement de 75% du total des frais d\u2019inscription.<\/p>\n\n\n\n<p>\u2022 Jusqu\u2019au 15 f\u00e9vrier : Remboursement de 50% du total des frais d\u2019inscription.<\/p>\n\n\n\n<p>\u2022 Jusqu\u2019au 15 avril : Remboursement de 25% du total des frais d\u2019inscription.<\/p>\n\n\n\n<p>\u2022 \u00c0 partir du 16 avril : Aucun remboursement des frais d\u2019inscription*.<\/p>\n\n\n\n<p>Pour ces \u00e9ventuels remboursements, le montant total des frais d\u2019inscription sera toujours pris en compte, et non le montant pay\u00e9 par l\u2019int\u00e9ress\u00e9 au moment de l\u2019annulation.<\/p>\n\n\n\n<p>Aucune exception ne sera faite, m\u00eame pour des raisons m\u00e9dicales telles que blessures ou maladies. Si le <strong>Service de report<\/strong> a \u00e9t\u00e9 souscrit au moment de l\u2019inscription, l\u2019inscription pourra \u00eatre report\u00e9e \u00e0 l\u2019ann\u00e9e suivante, conform\u00e9ment aux conditions sp\u00e9cifi\u00e9es ult\u00e9rieurement. Les participants qui n\u2019ont pas souscrit cette option peuvent opter pour le <strong>Service de Report Express<\/strong> pour reporter leur inscription \u00e0 l\u2019ann\u00e9e suivante, selon les conditions \u00e9tablies.<\/p>\n\n\n\n<p>C\u2019est pourquoi <strong>NOUS RECOMMANDONS VIVEMENT DE SOUSCRIRE LE SERVICE DE REPORT<\/strong>, qui permet de reporter l\u2019inscription \u00e0 l\u2019ann\u00e9e suivante <strong>pour n\u2019importe quelle raison<\/strong> jusqu\u2019\u00e0 deux semaines avant le d\u00e9but de l\u2019\u00e9v\u00e9nement.<\/p>\n\n\n\n<p>*Important : En cas de services optionnels fournis par l\u2019organisation, ceux-ci seront consid\u00e9r\u00e9s comme des \u201cdroits d\u2019inscription\u201d et r\u00e9gis par les m\u00eames p\u00e9riodes de remboursement que la politique d\u2019annulation.<\/p>\n\n\n\n<p>En raison de la nature des services fournis, l\u2019inscription et la souscription de services optionnels ne sont pas soumis au droit de r\u00e9tractation du client.<\/p>\n\n\n\n<p>Inscriptions provenant de l\u2019utilisation du <strong>Service de report<\/strong> :<\/p>\n\n\n\n<p>Comme indiqu\u00e9 dans la description de ce service, et dans la lettre personnalis\u00e9e envoy\u00e9e \u00e0 chaque participant au moment de son utilisation, <strong>l\u2019ex\u00e9cution de ce service annule le droit de recevoir un remboursement<\/strong> des frais d\u2019inscription en cas d\u2019annulation.<\/p>\n\n\n\n<p><strong>6.2. Annulation \/ R\u00e9siliation par l\u2019organisateur<\/strong><\/p>\n\n\n\n<p>L\u2019organisateur peut annuler l\u2019inscription d\u2019un participant apr\u00e8s le d\u00e9but de l\u2019\u00e9v\u00e9nement si :<\/p>\n\n\n\n<p>\u2022 Le participant enfreint les r\u00e8gles ou le r\u00e8glement apr\u00e8s en avoir \u00e9t\u00e9 inform\u00e9 pendant l\u2019\u00e9v\u00e9nement.<\/p>\n\n\n\n<p>\u2022 Le participant ne respecte pas les instructions de la direction de l\u2019\u00e9v\u00e9nement ou du personnel de l\u2019organisation.<\/p>\n\n\n\n<p>Dans ces cas, le participant n\u2019a droit qu\u2019au remboursement des services non utilis\u00e9s au moment de la r\u00e9siliation.<\/p>\n\n\n\n<p><strong>6.3. Annulation de l\u2019\u00e9v\u00e9nement<\/strong><\/p>\n\n\n\n<p>Si le nombre minimum de participants n\u2019est pas atteint, l\u2019organisateur se r\u00e9serve le droit d\u2019annuler l\u2019\u00e9v\u00e9nement. Dans ce cas, l\u2019int\u00e9gralit\u00e9 des frais d\u2019inscription sera rembours\u00e9e. L\u2019organisation peut proposer une alternative aux participants d\u00e9j\u00e0 inscrits.<\/p>\n\n\n\n<p>Si l\u2019\u00e9v\u00e9nement est annul\u00e9 pour des raisons de force majeure (risque d\u2019incendie, conditions m\u00e9t\u00e9orologiques extr\u00eames, risques sanitaires, instabilit\u00e9 politique, etc.) ind\u00e9pendantes de la volont\u00e9 de l\u2019organisateur, le participant n\u2019aura droit \u00e0 aucun remboursement des frais d\u2019inscription ni \u00e0 une compensation pour d\u2019autres pertes telles que des frais de voyage ou d\u2019h\u00e9bergement.<\/p>\n\n\n\n<p><strong>6.4. Services non utilis\u00e9s<\/strong><\/p>\n\n\n\n<p>Si le participant se retire de l\u2019\u00e9v\u00e9nement pour des raisons de sant\u00e9 ou autres raisons non imputables \u00e0 l\u2019organisateur, ou s\u2019il n\u2019utilise pas les services auxquels donne droit l\u2019inscription, il ne pourra pr\u00e9tendre \u00e0 aucun remboursement, quelle que soit la date de son retrait.<\/p>\n\n\n\n<p><strong>7. Droits commerciaux et d\u2019image<\/strong><\/p>\n\n\n\n<p><strong>7.1. Exclusivit\u00e9<\/strong><\/p>\n\n\n\n<p><strong>ANAYET LATITUD NORTE SL<\/strong>, sous la marque commerciale <strong>ANAYET SPORT MARKETING<\/strong>, d\u00e9tient tous les droits de <strong>TRANSPYR COAST TO COAST<\/strong>, <strong>TRANSPYR GRAN RAID MTB<\/strong>, <strong>TRANSPYR BACKROADS<\/strong>, et <strong>E-TRANSPYR<\/strong>. Cela inclut tous les aspects organisationnels, commerciaux et d\u2019image, avant, pendant et apr\u00e8s l\u2019\u00e9v\u00e9nement. <strong>ANAYET LATITUD NORTE SL<\/strong> se r\u00e9serve le droit de limiter les actions des participants, entreprises ou tiers s\u2019ils sont jug\u00e9s contraires \u00e0 ses int\u00e9r\u00eats.<\/p>\n\n\n\n<p><strong>7.2. Marques<\/strong><\/p>\n\n\n\n<p><strong>TRANSPYR<\/strong>, <strong>TRANSPYR TRAVES\u00cdA DOS MARES<\/strong>, <strong>TRANSPYR COAST TO COAST<\/strong>, <strong>TRANSPYR GRAN RAID MTB<\/strong>, <strong>TRANSPYR BACKROADS<\/strong>, et <strong>EL GRADUADO EN MTB<\/strong> sont des marques d\u00e9pos\u00e9es dont seul <strong>ANAYET LATITUD NORTE SL<\/strong> peut faire usage libre.<\/p>\n\n\n\n<p><strong>7.3. Image des participants<\/strong><\/p>\n\n\n\n<p>En s\u2019inscrivant \u00e0 TRANSPYR COAST TO COAST, chaque participant autorise ANAYET LATITUD NORTE SL et CROSS OUTDOORS SL \u00e0 utiliser librement les mat\u00e9riaux audiovisuels (photos et vid\u00e9os) enregistr\u00e9s lors de l\u2019\u00e9v\u00e9nement dans lesquels il peut appara\u00eetre, et accepte leur publication et diffusion par l\u2019organisation ainsi que par les m\u00e9dias et tiers.<\/p>\n\n\n\n<p><strong>8. Responsabilit\u00e9<\/strong><\/p>\n\n\n\n<p>L\u2019organisateur n\u2019est pas responsable des biens personnels des participants, tels que leur appareil GPS, leur sac officiel ou leur v\u00e9lo, qui doivent \u00eatre manipul\u00e9s pendant l\u2019\u00e9v\u00e9nement pour fournir les services inclus dans l\u2019inscription ou les services optionnels.<\/p>\n\n\n\n<p>Il incombe aux participants de veiller \u00e0 la s\u00e9curit\u00e9 de leurs effets personnels pendant <strong>TRANSPYR COAST TO COAST<\/strong>.<\/p>\n\n\n\n<p>L\u2019organisateur n\u2019est pas responsable du suivi des itin\u00e9raires de <strong>TRANSPYR COAST TO COAST<\/strong> par des tiers.<\/p>\n\n\n\n<p>Le participant accepte la responsabilit\u00e9 suivante lors de la confirmation de son inscription :<\/p>\n\n\n\n<p>En m\u2019inscrivant, je m\u2019engage \u00e0 participer \u00e0 <strong>TRANSPYR COAST TO COAST<\/strong>. Toute r\u00e9clamation contre l\u2019organisateur, quel qu\u2019en soit le motif, est exclue. Cela ne s\u2019applique pas si l\u2019organisateur, ses repr\u00e9sentants l\u00e9gaux ou assistants ont agi avec intention ou n\u00e9gligence grave, ou si l\u2019organisateur est responsable des dommages corporels ou de l\u2019inex\u00e9cution d\u2019obligations contractuelles essentielles.<\/p>\n\n\n\n<p>Je certifie avoir lu, compris et accept\u00e9 les <strong>CONDITIONS D\u2019INSCRIPTION<\/strong> et le <strong>R\u00c8GLEMENT PARTICULIER<\/strong> de l\u2019\u00e9v\u00e9nement et je m\u2019engage \u00e0 les respecter. Je reconnais que l\u2019organisation disposera d\u2019un service m\u00e9dical et de premiers secours uniquement pour assister les participants sur le parcours de l\u2019\u00e9v\u00e9nement. Je d\u00e9clare express\u00e9ment que je participe \u00e0 cet \u00e9v\u00e9nement sous ma propre responsabilit\u00e9 et que je suis assur\u00e9 en cas d\u2019accident ou de r\u00e9clamation en responsabilit\u00e9 civile.<\/p>\n\n\n\n<p>Je d\u00e9clare \u00e9galement qu\u2019au d\u00e9but de l\u2019\u00e9v\u00e9nement, je ne pr\u00e9sente aucun probl\u00e8me de sant\u00e9 et que si j\u2019en ai, je prendrai les mesures n\u00e9cessaires.<\/p>\n\n\n\n<p>J\u2019accepte que <strong>ANAYET LATITUD NORTE S.L.<\/strong> puisse utiliser mes donn\u00e9es personnelles, y compris l\u2019adresse e-mail fournie, \u00e0 des fins organisationnelles li\u00e9es \u00e0 <strong>Transpyr Coast to Coast<\/strong>, y compris des informations provenant de sponsors et partenaires.<\/p>\n\n\n\n<p><strong>9. Prescription \/ Juridiction<\/strong><\/p>\n\n\n\n<p>Toute r\u00e9clamation faite par les participants \u00e0 l\u2019organisateur, ind\u00e9pendamment des motifs juridiques, est soumise \u00e0 une prescription d\u2019un an apr\u00e8s la fin contractuelle de l\u2019\u00e9v\u00e9nement. La relation juridique et contractuelle entre le participant et l\u2019organisateur sera r\u00e9gie exclusivement par la loi espagnole. Le lieu de juridiction est Girona, Catalogne.<\/p>\n\n\n\n<p><strong>Coordonn\u00e9es de l\u2019organisateur<\/strong> :<\/p>\n\n\n\n<p>Le responsable ultime de l\u2019organisation de <strong>TRANSPYR COAST TO COAST<\/strong> est :<\/p>\n\n\n\n<p><strong>ANAYET LATITUD NORTE S.L.<\/strong><\/p>\n\n\n\n<p>Marque commerciale : <strong>ANAYET SPORT MARKETING<\/strong><\/p>\n\n\n\n<p>Pol\u00edgono Municipal, vial 4- nave 9<\/p>\n\n\n\n<p>E-31500 Tudela, Navarra, Espagne<\/p>\n\n\n\n<p>CIF : <strong>B31968068<\/strong><\/p>\n\n\n\n<p><strong>ANAYET LATITUD NORTE S.L.<\/strong> dispose d\u2019un bureau en Catalogne (Girona).<\/p>\n\n\n\n<p><strong>ANAYET LATITUD NORTE S.L.<\/strong> peut collaborer avec d\u2019autres entreprises ou entit\u00e9s pour l\u2019organisation et le d\u00e9veloppement g\u00e9n\u00e9ral de <strong>Transpyr Coast to Coast<\/strong>.<\/p>\n","protected":false},"excerpt":{"rendered":"<p>0. Introduction TRANSPYR COAST TO COAST est un \u00e9v\u00e9nement qui se d\u00e9roule dans le cadre de la travers\u00e9e compl\u00e8te des Pyr\u00e9n\u00e9es, incluant diverses \u00e9preuves cyclistes ou modalit\u00e9s de participation. Il est organis\u00e9 par la soci\u00e9t\u00e9 ANAYET LATITUD NORTE S.L. 1. Qualification des participants TRANSPYR COAST TO COAST est ouvert aux cyclistes exp\u00e9riment\u00e9s ou avanc\u00e9s ayant [&hellip;]<\/p>\n","protected":false},"author":18,"featured_media":7886,"parent":0,"menu_order":0,"comment_status":"closed","ping_status":"closed","template":"","meta":{"_acf_changed":false,"inline_featured_image":false,"_monsterinsights_skip_tracking":false,"_monsterinsights_sitenote_active":false,"_monsterinsights_sitenote_note":"","_monsterinsights_sitenote_category":0,"footnotes":""},"tipos-de-pagina":[],"class_list":["post-9922","page","type-page","status-publish","has-post-thumbnail","hentry"],"acf":[],"yoast_head":"<!-- This site is optimized with the Yoast SEO plugin v27.1.1 - https:\/\/yoast.com\/product\/yoast-seo-wordpress\/ -->\n<title>Conditions G\u00e9n\u00e9rales de Vente - Transpyr<\/title>\n<meta name=\"robots\" content=\"index, follow, max-snippet:-1, max-image-preview:large, max-video-preview:-1\" \/>\n<link rel=\"canonical\" href=\"https:\/\/transpyr.com\/fr\/condiciones-de-contratacion\" \/>\n<meta property=\"og:locale\" content=\"fr_FR\" \/>\n<meta property=\"og:type\" content=\"article\" \/>\n<meta property=\"og:title\" content=\"Conditions G\u00e9n\u00e9rales de Vente - Transpyr\" \/>\n<meta property=\"og:description\" content=\"0. Introduction TRANSPYR COAST TO COAST est un \u00e9v\u00e9nement qui se d\u00e9roule dans le cadre de la travers\u00e9e compl\u00e8te des Pyr\u00e9n\u00e9es, incluant diverses \u00e9preuves cyclistes ou modalit\u00e9s de participation. Il est organis\u00e9 par la soci\u00e9t\u00e9 ANAYET LATITUD NORTE S.L. 1. Qualification des participants TRANSPYR COAST TO COAST est ouvert aux cyclistes exp\u00e9riment\u00e9s ou avanc\u00e9s ayant [&hellip;]\" \/>\n<meta property=\"og:url\" content=\"https:\/\/transpyr.com\/fr\/condiciones-de-contratacion\" \/>\n<meta property=\"og:site_name\" content=\"Transpyr\" \/>\n<meta property=\"article:modified_time\" content=\"2026-02-09T14:24:45+00:00\" \/>\n<meta property=\"og:image\" content=\"https:\/\/transpyr.com\/wp-content\/uploads\/2024\/04\/60c50e7a26cd30_61588376-1.jpg\" \/>\n\t<meta property=\"og:image:width\" content=\"296\" \/>\n\t<meta property=\"og:image:height\" content=\"199\" \/>\n\t<meta property=\"og:image:type\" content=\"image\/jpeg\" \/>\n<meta name=\"twitter:card\" content=\"summary_large_image\" \/>\n<meta name=\"twitter:label1\" content=\"Dur\u00e9e de lecture estim\u00e9e\" \/>\n\t<meta name=\"twitter:data1\" content=\"8 minutes\" \/>\n<script type=\"application\/ld+json\" class=\"yoast-schema-graph\">{\"@context\":\"https:\/\/schema.org\",\"@graph\":[{\"@type\":\"WebPage\",\"@id\":\"https:\/\/transpyr.com\/fr\/condiciones-de-contratacion\",\"url\":\"https:\/\/transpyr.com\/fr\/condiciones-de-contratacion\",\"name\":\"Conditions G\u00e9n\u00e9rales de Vente - Transpyr\",\"isPartOf\":{\"@id\":\"https:\/\/transpyr.com\/fr#website\"},\"primaryImageOfPage\":{\"@id\":\"https:\/\/transpyr.com\/fr\/condiciones-de-contratacion#primaryimage\"},\"image\":{\"@id\":\"https:\/\/transpyr.com\/fr\/condiciones-de-contratacion#primaryimage\"},\"thumbnailUrl\":\"https:\/\/transpyr.com\/wp-content\/uploads\/2024\/04\/60c50e7a26cd30_61588376-1.jpg\",\"datePublished\":\"2024-10-14T22:44:21+00:00\",\"dateModified\":\"2026-02-09T14:24:45+00:00\",\"breadcrumb\":{\"@id\":\"https:\/\/transpyr.com\/fr\/condiciones-de-contratacion#breadcrumb\"},\"inLanguage\":\"fr-FR\",\"potentialAction\":[{\"@type\":\"ReadAction\",\"target\":[\"https:\/\/transpyr.com\/fr\/condiciones-de-contratacion\"]}]},{\"@type\":\"ImageObject\",\"inLanguage\":\"fr-FR\",\"@id\":\"https:\/\/transpyr.com\/fr\/condiciones-de-contratacion#primaryimage\",\"url\":\"https:\/\/transpyr.com\/wp-content\/uploads\/2024\/04\/60c50e7a26cd30_61588376-1.jpg\",\"contentUrl\":\"https:\/\/transpyr.com\/wp-content\/uploads\/2024\/04\/60c50e7a26cd30_61588376-1.jpg\",\"width\":296,\"height\":199},{\"@type\":\"BreadcrumbList\",\"@id\":\"https:\/\/transpyr.com\/fr\/condiciones-de-contratacion#breadcrumb\",\"itemListElement\":[{\"@type\":\"ListItem\",\"position\":1,\"name\":\"Portada\",\"item\":\"https:\/\/transpyr.com\/fr\"},{\"@type\":\"ListItem\",\"position\":2,\"name\":\"Conditions G\u00e9n\u00e9rales de Vente\"}]},{\"@type\":\"WebSite\",\"@id\":\"https:\/\/transpyr.com\/fr#website\",\"url\":\"https:\/\/transpyr.com\/fr\",\"name\":\"Transpyr\",\"description\":\"Carrera de mountain bike a trav\u00e9s de los Pirineos\",\"potentialAction\":[{\"@type\":\"SearchAction\",\"target\":{\"@type\":\"EntryPoint\",\"urlTemplate\":\"https:\/\/transpyr.com\/fr?s={search_term_string}\"},\"query-input\":{\"@type\":\"PropertyValueSpecification\",\"valueRequired\":true,\"valueName\":\"search_term_string\"}}],\"inLanguage\":\"fr-FR\"}]}<\/script>\n<!-- \/ Yoast SEO plugin. -->","yoast_head_json":{"title":"Conditions G\u00e9n\u00e9rales de Vente - Transpyr","robots":{"index":"index","follow":"follow","max-snippet":"max-snippet:-1","max-image-preview":"max-image-preview:large","max-video-preview":"max-video-preview:-1"},"canonical":"https:\/\/transpyr.com\/fr\/condiciones-de-contratacion","og_locale":"fr_FR","og_type":"article","og_title":"Conditions G\u00e9n\u00e9rales de Vente - Transpyr","og_description":"0. Introduction TRANSPYR COAST TO COAST est un \u00e9v\u00e9nement qui se d\u00e9roule dans le cadre de la travers\u00e9e compl\u00e8te des Pyr\u00e9n\u00e9es, incluant diverses \u00e9preuves cyclistes ou modalit\u00e9s de participation. Il est organis\u00e9 par la soci\u00e9t\u00e9 ANAYET LATITUD NORTE S.L. 1. Qualification des participants TRANSPYR COAST TO COAST est ouvert aux cyclistes exp\u00e9riment\u00e9s ou avanc\u00e9s ayant [&hellip;]","og_url":"https:\/\/transpyr.com\/fr\/condiciones-de-contratacion","og_site_name":"Transpyr","article_modified_time":"2026-02-09T14:24:45+00:00","og_image":[{"width":296,"height":199,"url":"https:\/\/transpyr.com\/wp-content\/uploads\/2024\/04\/60c50e7a26cd30_61588376-1.jpg","type":"image\/jpeg"}],"twitter_card":"summary_large_image","twitter_misc":{"Dur\u00e9e de lecture estim\u00e9e":"8 minutes"},"schema":{"@context":"https:\/\/schema.org","@graph":[{"@type":"WebPage","@id":"https:\/\/transpyr.com\/fr\/condiciones-de-contratacion","url":"https:\/\/transpyr.com\/fr\/condiciones-de-contratacion","name":"Conditions G\u00e9n\u00e9rales de Vente - Transpyr","isPartOf":{"@id":"https:\/\/transpyr.com\/fr#website"},"primaryImageOfPage":{"@id":"https:\/\/transpyr.com\/fr\/condiciones-de-contratacion#primaryimage"},"image":{"@id":"https:\/\/transpyr.com\/fr\/condiciones-de-contratacion#primaryimage"},"thumbnailUrl":"https:\/\/transpyr.com\/wp-content\/uploads\/2024\/04\/60c50e7a26cd30_61588376-1.jpg","datePublished":"2024-10-14T22:44:21+00:00","dateModified":"2026-02-09T14:24:45+00:00","breadcrumb":{"@id":"https:\/\/transpyr.com\/fr\/condiciones-de-contratacion#breadcrumb"},"inLanguage":"fr-FR","potentialAction":[{"@type":"ReadAction","target":["https:\/\/transpyr.com\/fr\/condiciones-de-contratacion"]}]},{"@type":"ImageObject","inLanguage":"fr-FR","@id":"https:\/\/transpyr.com\/fr\/condiciones-de-contratacion#primaryimage","url":"https:\/\/transpyr.com\/wp-content\/uploads\/2024\/04\/60c50e7a26cd30_61588376-1.jpg","contentUrl":"https:\/\/transpyr.com\/wp-content\/uploads\/2024\/04\/60c50e7a26cd30_61588376-1.jpg","width":296,"height":199},{"@type":"BreadcrumbList","@id":"https:\/\/transpyr.com\/fr\/condiciones-de-contratacion#breadcrumb","itemListElement":[{"@type":"ListItem","position":1,"name":"Portada","item":"https:\/\/transpyr.com\/fr"},{"@type":"ListItem","position":2,"name":"Conditions G\u00e9n\u00e9rales de Vente"}]},{"@type":"WebSite","@id":"https:\/\/transpyr.com\/fr#website","url":"https:\/\/transpyr.com\/fr","name":"Transpyr","description":"Carrera de mountain bike a trav\u00e9s de los Pirineos","potentialAction":[{"@type":"SearchAction","target":{"@type":"EntryPoint","urlTemplate":"https:\/\/transpyr.com\/fr?s={search_term_string}"},"query-input":{"@type":"PropertyValueSpecification","valueRequired":true,"valueName":"search_term_string"}}],"inLanguage":"fr-FR"}]}},"_links":{"self":[{"href":"https:\/\/transpyr.com\/fr\/wp-json\/wp\/v2\/pages\/9922","targetHints":{"allow":["GET"]}}],"collection":[{"href":"https:\/\/transpyr.com\/fr\/wp-json\/wp\/v2\/pages"}],"about":[{"href":"https:\/\/transpyr.com\/fr\/wp-json\/wp\/v2\/types\/page"}],"author":[{"embeddable":true,"href":"https:\/\/transpyr.com\/fr\/wp-json\/wp\/v2\/users\/18"}],"replies":[{"embeddable":true,"href":"https:\/\/transpyr.com\/fr\/wp-json\/wp\/v2\/comments?post=9922"}],"version-history":[{"count":5,"href":"https:\/\/transpyr.com\/fr\/wp-json\/wp\/v2\/pages\/9922\/revisions"}],"predecessor-version":[{"id":48796,"href":"https:\/\/transpyr.com\/fr\/wp-json\/wp\/v2\/pages\/9922\/revisions\/48796"}],"wp:featuredmedia":[{"embeddable":true,"href":"https:\/\/transpyr.com\/fr\/wp-json\/wp\/v2\/media\/7886"}],"wp:attachment":[{"href":"https:\/\/transpyr.com\/fr\/wp-json\/wp\/v2\/media?parent=9922"}],"wp:term":[{"taxonomy":"tipos-de-pagina","embeddable":true,"href":"https:\/\/transpyr.com\/fr\/wp-json\/wp\/v2\/tipos-de-pagina?post=9922"}],"curies":[{"name":"wp","href":"https:\/\/api.w.org\/{rel}","templated":true}]}}