{"id":18557,"date":"2024-11-12T21:11:15","date_gmt":"2024-11-12T20:11:15","guid":{"rendered":"https:\/\/transpyr.com\/producto\/bolsa-meta"},"modified":"2025-09-03T09:39:52","modified_gmt":"2025-09-03T07:39:52","slug":"bike-box","status":"publish","type":"product","link":"https:\/\/transpyr.com\/fr\/product\/bike-box","title":{"rendered":"Service Bike Box"},"content":{"rendered":"<p>Transfert de votre bo\u00eete ou valise o\u00f9 vous transportez le v\u00e9lo, des accr\u00e9ditations \u00e0 la fin du Transpyr C2C. La bo\u00eete doit \u00eatre correctement identifi\u00e9e (l\u2019organisation vous fournira un autocollant pour cela) et ne sera pas accessible pendant les \u00e9tapes.<\/p>\n","protected":false},"excerpt":{"rendered":"<p>Transfert de votre bo\u00eete ou valise o\u00f9 vous transportez le v\u00e9lo, des accr\u00e9ditations \u00e0 la fin du Transpyr C2C. La bo\u00eete doit \u00eatre correctement identifi\u00e9e (l\u2019organisation vous fournira un autocollant pour cela) et ne sera pas accessible pendant les \u00e9tapes.<\/p>\n","protected":false},"featured_media":34888,"comment_status":"open","ping_status":"closed","template":"","meta":{"_acf_changed":false,"inline_featured_image":false,"_monsterinsights_skip_tracking":false,"_monsterinsights_sitenote_active":false,"_monsterinsights_sitenote_note":"","_monsterinsights_sitenote_category":0},"product_brand":[],"product_cat":[96],"product_tag":[],"class_list":{"0":"post-18557","1":"product","2":"type-product","3":"status-publish","4":"has-post-thumbnail","6":"product_cat-servicios-transpyr-fr","7":"tm-no-options","9":"first","10":"instock","11":"shipping-taxable","12":"purchasable","13":"product-type-simple"},"acf":[],"yoast_head":"<!-- This site is optimized with the Yoast SEO plugin v27.3 - https:\/\/yoast.com\/product\/yoast-seo-wordpress\/ -->\n<title>Service Bike Box - Transpyr<\/title>\n<meta name=\"robots\" content=\"index, follow, max-snippet:-1, max-image-preview:large, max-video-preview:-1\" \/>\n<link rel=\"canonical\" href=\"https:\/\/transpyr.com\/fr\/product\/bike-box\" \/>\n<meta property=\"og:locale\" content=\"fr_FR\" \/>\n<meta property=\"og:type\" content=\"article\" \/>\n<meta property=\"og:title\" content=\"Service Bike Box - Transpyr\" \/>\n<meta property=\"og:description\" content=\"Transfert de votre bo\u00eete ou valise o\u00f9 vous transportez le v\u00e9lo, des accr\u00e9ditations \u00e0 la fin du Transpyr C2C. La bo\u00eete doit \u00eatre correctement identifi\u00e9e (l\u2019organisation vous fournira un autocollant pour cela) et ne sera pas accessible pendant les \u00e9tapes.\" \/>\n<meta property=\"og:url\" content=\"https:\/\/transpyr.com\/fr\/product\/bike-box\" \/>\n<meta property=\"og:site_name\" content=\"Transpyr\" \/>\n<meta property=\"article:modified_time\" content=\"2025-09-03T07:39:52+00:00\" \/>\n<meta property=\"og:image\" content=\"https:\/\/transpyr.com\/wp-content\/uploads\/2024\/11\/Trasllat-caixa-bici-5.webp\" \/>\n\t<meta property=\"og:image:width\" content=\"1528\" \/>\n\t<meta property=\"og:image:height\" content=\"1080\" \/>\n\t<meta property=\"og:image:type\" content=\"image\/webp\" \/>\n<meta name=\"twitter:card\" content=\"summary_large_image\" \/>\n<meta name=\"twitter:label1\" content=\"Dur\u00e9e de lecture estim\u00e9e\" \/>\n\t<meta name=\"twitter:data1\" content=\"1 minute\" \/>\n<script type=\"application\/ld+json\" class=\"yoast-schema-graph\">{\"@context\":\"https:\\\/\\\/schema.org\",\"@graph\":[{\"@type\":\"WebPage\",\"@id\":\"https:\\\/\\\/transpyr.com\\\/fr\\\/product\\\/bike-box\",\"url\":\"https:\\\/\\\/transpyr.com\\\/fr\\\/product\\\/bike-box\",\"name\":\"Service Bike Box - Transpyr\",\"isPartOf\":{\"@id\":\"https:\\\/\\\/transpyr.com\\\/fr#website\"},\"primaryImageOfPage\":{\"@id\":\"https:\\\/\\\/transpyr.com\\\/fr\\\/product\\\/bike-box#primaryimage\"},\"image\":{\"@id\":\"https:\\\/\\\/transpyr.com\\\/fr\\\/product\\\/bike-box#primaryimage\"},\"thumbnailUrl\":\"https:\\\/\\\/transpyr.com\\\/wp-content\\\/uploads\\\/2024\\\/11\\\/Trasllat-caixa-bici-5.webp\",\"datePublished\":\"2024-11-12T20:11:15+00:00\",\"dateModified\":\"2025-09-03T07:39:52+00:00\",\"breadcrumb\":{\"@id\":\"https:\\\/\\\/transpyr.com\\\/fr\\\/product\\\/bike-box#breadcrumb\"},\"inLanguage\":\"fr-FR\",\"potentialAction\":[{\"@type\":\"ReadAction\",\"target\":[\"https:\\\/\\\/transpyr.com\\\/fr\\\/product\\\/bike-box\"]}]},{\"@type\":\"ImageObject\",\"inLanguage\":\"fr-FR\",\"@id\":\"https:\\\/\\\/transpyr.com\\\/fr\\\/product\\\/bike-box#primaryimage\",\"url\":\"https:\\\/\\\/transpyr.com\\\/wp-content\\\/uploads\\\/2024\\\/11\\\/Trasllat-caixa-bici-5.webp\",\"contentUrl\":\"https:\\\/\\\/transpyr.com\\\/wp-content\\\/uploads\\\/2024\\\/11\\\/Trasllat-caixa-bici-5.webp\",\"width\":1528,\"height\":1080},{\"@type\":\"BreadcrumbList\",\"@id\":\"https:\\\/\\\/transpyr.com\\\/fr\\\/product\\\/bike-box#breadcrumb\",\"itemListElement\":[{\"@type\":\"ListItem\",\"position\":1,\"name\":\"Portada\",\"item\":\"https:\\\/\\\/transpyr.com\\\/fr\"},{\"@type\":\"ListItem\",\"position\":2,\"name\":\"Tienda\",\"item\":\"https:\\\/\\\/transpyr.com\\\/fr\\\/tienda\"},{\"@type\":\"ListItem\",\"position\":3,\"name\":\"Service Bike Box\"}]},{\"@type\":\"WebSite\",\"@id\":\"https:\\\/\\\/transpyr.com\\\/fr#website\",\"url\":\"https:\\\/\\\/transpyr.com\\\/fr\",\"name\":\"Transpyr\",\"description\":\"Carrera de mountain bike a trav\u00e9s de los Pirineos\",\"potentialAction\":[{\"@type\":\"SearchAction\",\"target\":{\"@type\":\"EntryPoint\",\"urlTemplate\":\"https:\\\/\\\/transpyr.com\\\/fr?s={search_term_string}\"},\"query-input\":{\"@type\":\"PropertyValueSpecification\",\"valueRequired\":true,\"valueName\":\"search_term_string\"}}],\"inLanguage\":\"fr-FR\"}]}<\/script>\n<!-- \/ Yoast SEO plugin. -->","yoast_head_json":{"title":"Service Bike Box - Transpyr","robots":{"index":"index","follow":"follow","max-snippet":"max-snippet:-1","max-image-preview":"max-image-preview:large","max-video-preview":"max-video-preview:-1"},"canonical":"https:\/\/transpyr.com\/fr\/product\/bike-box","og_locale":"fr_FR","og_type":"article","og_title":"Service Bike Box - Transpyr","og_description":"Transfert de votre bo\u00eete ou valise o\u00f9 vous transportez le v\u00e9lo, des accr\u00e9ditations \u00e0 la fin du Transpyr C2C. La bo\u00eete doit \u00eatre correctement identifi\u00e9e (l\u2019organisation vous fournira un autocollant pour cela) et ne sera pas accessible pendant les \u00e9tapes.","og_url":"https:\/\/transpyr.com\/fr\/product\/bike-box","og_site_name":"Transpyr","article_modified_time":"2025-09-03T07:39:52+00:00","og_image":[{"width":1528,"height":1080,"url":"https:\/\/transpyr.com\/wp-content\/uploads\/2024\/11\/Trasllat-caixa-bici-5.webp","type":"image\/webp"}],"twitter_card":"summary_large_image","twitter_misc":{"Dur\u00e9e de lecture estim\u00e9e":"1 minute"},"schema":{"@context":"https:\/\/schema.org","@graph":[{"@type":"WebPage","@id":"https:\/\/transpyr.com\/fr\/product\/bike-box","url":"https:\/\/transpyr.com\/fr\/product\/bike-box","name":"Service Bike Box - Transpyr","isPartOf":{"@id":"https:\/\/transpyr.com\/fr#website"},"primaryImageOfPage":{"@id":"https:\/\/transpyr.com\/fr\/product\/bike-box#primaryimage"},"image":{"@id":"https:\/\/transpyr.com\/fr\/product\/bike-box#primaryimage"},"thumbnailUrl":"https:\/\/transpyr.com\/wp-content\/uploads\/2024\/11\/Trasllat-caixa-bici-5.webp","datePublished":"2024-11-12T20:11:15+00:00","dateModified":"2025-09-03T07:39:52+00:00","breadcrumb":{"@id":"https:\/\/transpyr.com\/fr\/product\/bike-box#breadcrumb"},"inLanguage":"fr-FR","potentialAction":[{"@type":"ReadAction","target":["https:\/\/transpyr.com\/fr\/product\/bike-box"]}]},{"@type":"ImageObject","inLanguage":"fr-FR","@id":"https:\/\/transpyr.com\/fr\/product\/bike-box#primaryimage","url":"https:\/\/transpyr.com\/wp-content\/uploads\/2024\/11\/Trasllat-caixa-bici-5.webp","contentUrl":"https:\/\/transpyr.com\/wp-content\/uploads\/2024\/11\/Trasllat-caixa-bici-5.webp","width":1528,"height":1080},{"@type":"BreadcrumbList","@id":"https:\/\/transpyr.com\/fr\/product\/bike-box#breadcrumb","itemListElement":[{"@type":"ListItem","position":1,"name":"Portada","item":"https:\/\/transpyr.com\/fr"},{"@type":"ListItem","position":2,"name":"Tienda","item":"https:\/\/transpyr.com\/fr\/tienda"},{"@type":"ListItem","position":3,"name":"Service Bike Box"}]},{"@type":"WebSite","@id":"https:\/\/transpyr.com\/fr#website","url":"https:\/\/transpyr.com\/fr","name":"Transpyr","description":"Carrera de mountain bike a trav\u00e9s de los Pirineos","potentialAction":[{"@type":"SearchAction","target":{"@type":"EntryPoint","urlTemplate":"https:\/\/transpyr.com\/fr?s={search_term_string}"},"query-input":{"@type":"PropertyValueSpecification","valueRequired":true,"valueName":"search_term_string"}}],"inLanguage":"fr-FR"}]}},"_links":{"self":[{"href":"https:\/\/transpyr.com\/fr\/wp-json\/wp\/v2\/product\/18557","targetHints":{"allow":["GET"]}}],"collection":[{"href":"https:\/\/transpyr.com\/fr\/wp-json\/wp\/v2\/product"}],"about":[{"href":"https:\/\/transpyr.com\/fr\/wp-json\/wp\/v2\/types\/product"}],"replies":[{"embeddable":true,"href":"https:\/\/transpyr.com\/fr\/wp-json\/wp\/v2\/comments?post=18557"}],"wp:featuredmedia":[{"embeddable":true,"href":"https:\/\/transpyr.com\/fr\/wp-json\/wp\/v2\/media\/34888"}],"wp:attachment":[{"href":"https:\/\/transpyr.com\/fr\/wp-json\/wp\/v2\/media?parent=18557"}],"wp:term":[{"taxonomy":"product_brand","embeddable":true,"href":"https:\/\/transpyr.com\/fr\/wp-json\/wp\/v2\/product_brand?post=18557"},{"taxonomy":"product_cat","embeddable":true,"href":"https:\/\/transpyr.com\/fr\/wp-json\/wp\/v2\/product_cat?post=18557"},{"taxonomy":"product_tag","embeddable":true,"href":"https:\/\/transpyr.com\/fr\/wp-json\/wp\/v2\/product_tag?post=18557"}],"curies":[{"name":"wp","href":"https:\/\/api.w.org\/{rel}","templated":true}]}}