{"id":9274,"date":"2024-04-18T12:55:59","date_gmt":"2024-04-18T10:55:59","guid":{"rendered":"https:\/\/transpyr.com\/?post_type=product&#038;p=9274"},"modified":"2025-09-03T11:38:24","modified_gmt":"2025-09-03T09:38:24","slug":"pack-accompagnant","status":"publish","type":"product","link":"https:\/\/transpyr.com\/fr\/product\/pack-accompagnant","title":{"rendered":"Pack Supporter"},"content":{"rendered":"<p>Pour les participants qui viennent accompagn\u00e9s de leur famille et\/ou d\u2019amis et veulent vivre l\u2019aventure Transpyr au plus pr\u00e8s. Comprend: accr\u00e9ditation en tant qu&rsquo;acompagnant, d\u00eener \u00e0 toutes les Pasta Parties, acc\u00e8s aux zones r\u00e9serv\u00e9es au personnel et aux participants, acc\u00e8s aux douches, d\u00e9tails de merchandising et documents d\u2019information du Transpyr C2C.<\/p>\n","protected":false},"excerpt":{"rendered":"<p>Pour les participants qui viennent accompagn\u00e9s de leur famille et\/ou d\u2019amis et veulent vivre l\u2019aventure Transpyr au plus pr\u00e8s. Comprend: accr\u00e9ditation en tant qu&rsquo;acompagnant, d\u00eener \u00e0 toutes les Pasta Parties, acc\u00e8s aux zones r\u00e9serv\u00e9es au personnel et aux participants, acc\u00e8s aux douches, d\u00e9tails de merchandising et documents d\u2019information du Transpyr C2C.<\/p>\n","protected":false},"featured_media":35849,"comment_status":"open","ping_status":"closed","template":"","meta":{"_acf_changed":false,"inline_featured_image":false,"_monsterinsights_skip_tracking":false,"_monsterinsights_sitenote_active":false,"_monsterinsights_sitenote_note":"","_monsterinsights_sitenote_category":0},"product_brand":[],"product_cat":[96],"product_tag":[],"class_list":{"0":"post-9274","1":"product","2":"type-product","3":"status-publish","4":"has-post-thumbnail","6":"product_cat-servicios-transpyr-fr","7":"tm-no-options","9":"first","10":"instock","11":"shipping-taxable","12":"purchasable","13":"product-type-simple"},"acf":[],"yoast_head":"<!-- This site is optimized with the Yoast SEO plugin v27.1.1 - https:\/\/yoast.com\/product\/yoast-seo-wordpress\/ -->\n<title>Pack Supporter - Transpyr<\/title>\n<meta name=\"robots\" content=\"index, follow, max-snippet:-1, max-image-preview:large, max-video-preview:-1\" \/>\n<link rel=\"canonical\" href=\"https:\/\/transpyr.com\/fr\/product\/pack-accompagnant\" \/>\n<meta property=\"og:locale\" content=\"fr_FR\" \/>\n<meta property=\"og:type\" content=\"article\" \/>\n<meta property=\"og:title\" content=\"Pack Supporter - Transpyr\" \/>\n<meta property=\"og:description\" content=\"Pour les participants qui viennent accompagn\u00e9s de leur famille et\/ou d\u2019amis et veulent vivre l\u2019aventure Transpyr au plus pr\u00e8s. Comprend: accr\u00e9ditation en tant qu&#039;acompagnant, d\u00eener \u00e0 toutes les Pasta Parties, acc\u00e8s aux zones r\u00e9serv\u00e9es au personnel et aux participants, acc\u00e8s aux douches, d\u00e9tails de merchandising et documents d\u2019information du Transpyr C2C.\" \/>\n<meta property=\"og:url\" content=\"https:\/\/transpyr.com\/fr\/product\/pack-accompagnant\" \/>\n<meta property=\"og:site_name\" content=\"Transpyr\" \/>\n<meta property=\"article:modified_time\" content=\"2025-09-03T09:38:24+00:00\" \/>\n<meta property=\"og:image\" content=\"https:\/\/transpyr.com\/wp-content\/uploads\/2024\/04\/Supporter-pack.webp\" \/>\n\t<meta property=\"og:image:width\" content=\"1620\" \/>\n\t<meta property=\"og:image:height\" content=\"1080\" \/>\n\t<meta property=\"og:image:type\" content=\"image\/webp\" \/>\n<meta name=\"twitter:card\" content=\"summary_large_image\" \/>\n<meta name=\"twitter:label1\" content=\"Dur\u00e9e de lecture estim\u00e9e\" \/>\n\t<meta name=\"twitter:data1\" content=\"1 minute\" \/>\n<script type=\"application\/ld+json\" class=\"yoast-schema-graph\">{\"@context\":\"https:\/\/schema.org\",\"@graph\":[{\"@type\":\"WebPage\",\"@id\":\"https:\/\/transpyr.com\/fr\/product\/pack-accompagnant\",\"url\":\"https:\/\/transpyr.com\/fr\/product\/pack-accompagnant\",\"name\":\"Pack Supporter - Transpyr\",\"isPartOf\":{\"@id\":\"https:\/\/transpyr.com\/fr#website\"},\"primaryImageOfPage\":{\"@id\":\"https:\/\/transpyr.com\/fr\/product\/pack-accompagnant#primaryimage\"},\"image\":{\"@id\":\"https:\/\/transpyr.com\/fr\/product\/pack-accompagnant#primaryimage\"},\"thumbnailUrl\":\"https:\/\/transpyr.com\/wp-content\/uploads\/2024\/04\/Supporter-pack.webp\",\"datePublished\":\"2024-04-18T10:55:59+00:00\",\"dateModified\":\"2025-09-03T09:38:24+00:00\",\"breadcrumb\":{\"@id\":\"https:\/\/transpyr.com\/fr\/product\/pack-accompagnant#breadcrumb\"},\"inLanguage\":\"fr-FR\",\"potentialAction\":[{\"@type\":\"ReadAction\",\"target\":[\"https:\/\/transpyr.com\/fr\/product\/pack-accompagnant\"]}]},{\"@type\":\"ImageObject\",\"inLanguage\":\"fr-FR\",\"@id\":\"https:\/\/transpyr.com\/fr\/product\/pack-accompagnant#primaryimage\",\"url\":\"https:\/\/transpyr.com\/wp-content\/uploads\/2024\/04\/Supporter-pack.webp\",\"contentUrl\":\"https:\/\/transpyr.com\/wp-content\/uploads\/2024\/04\/Supporter-pack.webp\",\"width\":1620,\"height\":1080},{\"@type\":\"BreadcrumbList\",\"@id\":\"https:\/\/transpyr.com\/fr\/product\/pack-accompagnant#breadcrumb\",\"itemListElement\":[{\"@type\":\"ListItem\",\"position\":1,\"name\":\"Portada\",\"item\":\"https:\/\/transpyr.com\/fr\"},{\"@type\":\"ListItem\",\"position\":2,\"name\":\"Tienda\",\"item\":\"https:\/\/transpyr.com\/fr\/tienda\"},{\"@type\":\"ListItem\",\"position\":3,\"name\":\"Pack Supporter\"}]},{\"@type\":\"WebSite\",\"@id\":\"https:\/\/transpyr.com\/fr#website\",\"url\":\"https:\/\/transpyr.com\/fr\",\"name\":\"Transpyr\",\"description\":\"Carrera de mountain bike a trav\u00e9s de los Pirineos\",\"potentialAction\":[{\"@type\":\"SearchAction\",\"target\":{\"@type\":\"EntryPoint\",\"urlTemplate\":\"https:\/\/transpyr.com\/fr?s={search_term_string}\"},\"query-input\":{\"@type\":\"PropertyValueSpecification\",\"valueRequired\":true,\"valueName\":\"search_term_string\"}}],\"inLanguage\":\"fr-FR\"}]}<\/script>\n<!-- \/ Yoast SEO plugin. -->","yoast_head_json":{"title":"Pack Supporter - Transpyr","robots":{"index":"index","follow":"follow","max-snippet":"max-snippet:-1","max-image-preview":"max-image-preview:large","max-video-preview":"max-video-preview:-1"},"canonical":"https:\/\/transpyr.com\/fr\/product\/pack-accompagnant","og_locale":"fr_FR","og_type":"article","og_title":"Pack Supporter - Transpyr","og_description":"Pour les participants qui viennent accompagn\u00e9s de leur famille et\/ou d\u2019amis et veulent vivre l\u2019aventure Transpyr au plus pr\u00e8s. Comprend: accr\u00e9ditation en tant qu'acompagnant, d\u00eener \u00e0 toutes les Pasta Parties, acc\u00e8s aux zones r\u00e9serv\u00e9es au personnel et aux participants, acc\u00e8s aux douches, d\u00e9tails de merchandising et documents d\u2019information du Transpyr C2C.","og_url":"https:\/\/transpyr.com\/fr\/product\/pack-accompagnant","og_site_name":"Transpyr","article_modified_time":"2025-09-03T09:38:24+00:00","og_image":[{"width":1620,"height":1080,"url":"https:\/\/transpyr.com\/wp-content\/uploads\/2024\/04\/Supporter-pack.webp","type":"image\/webp"}],"twitter_card":"summary_large_image","twitter_misc":{"Dur\u00e9e de lecture estim\u00e9e":"1 minute"},"schema":{"@context":"https:\/\/schema.org","@graph":[{"@type":"WebPage","@id":"https:\/\/transpyr.com\/fr\/product\/pack-accompagnant","url":"https:\/\/transpyr.com\/fr\/product\/pack-accompagnant","name":"Pack Supporter - Transpyr","isPartOf":{"@id":"https:\/\/transpyr.com\/fr#website"},"primaryImageOfPage":{"@id":"https:\/\/transpyr.com\/fr\/product\/pack-accompagnant#primaryimage"},"image":{"@id":"https:\/\/transpyr.com\/fr\/product\/pack-accompagnant#primaryimage"},"thumbnailUrl":"https:\/\/transpyr.com\/wp-content\/uploads\/2024\/04\/Supporter-pack.webp","datePublished":"2024-04-18T10:55:59+00:00","dateModified":"2025-09-03T09:38:24+00:00","breadcrumb":{"@id":"https:\/\/transpyr.com\/fr\/product\/pack-accompagnant#breadcrumb"},"inLanguage":"fr-FR","potentialAction":[{"@type":"ReadAction","target":["https:\/\/transpyr.com\/fr\/product\/pack-accompagnant"]}]},{"@type":"ImageObject","inLanguage":"fr-FR","@id":"https:\/\/transpyr.com\/fr\/product\/pack-accompagnant#primaryimage","url":"https:\/\/transpyr.com\/wp-content\/uploads\/2024\/04\/Supporter-pack.webp","contentUrl":"https:\/\/transpyr.com\/wp-content\/uploads\/2024\/04\/Supporter-pack.webp","width":1620,"height":1080},{"@type":"BreadcrumbList","@id":"https:\/\/transpyr.com\/fr\/product\/pack-accompagnant#breadcrumb","itemListElement":[{"@type":"ListItem","position":1,"name":"Portada","item":"https:\/\/transpyr.com\/fr"},{"@type":"ListItem","position":2,"name":"Tienda","item":"https:\/\/transpyr.com\/fr\/tienda"},{"@type":"ListItem","position":3,"name":"Pack Supporter"}]},{"@type":"WebSite","@id":"https:\/\/transpyr.com\/fr#website","url":"https:\/\/transpyr.com\/fr","name":"Transpyr","description":"Carrera de mountain bike a trav\u00e9s de los Pirineos","potentialAction":[{"@type":"SearchAction","target":{"@type":"EntryPoint","urlTemplate":"https:\/\/transpyr.com\/fr?s={search_term_string}"},"query-input":{"@type":"PropertyValueSpecification","valueRequired":true,"valueName":"search_term_string"}}],"inLanguage":"fr-FR"}]}},"_links":{"self":[{"href":"https:\/\/transpyr.com\/fr\/wp-json\/wp\/v2\/product\/9274","targetHints":{"allow":["GET"]}}],"collection":[{"href":"https:\/\/transpyr.com\/fr\/wp-json\/wp\/v2\/product"}],"about":[{"href":"https:\/\/transpyr.com\/fr\/wp-json\/wp\/v2\/types\/product"}],"replies":[{"embeddable":true,"href":"https:\/\/transpyr.com\/fr\/wp-json\/wp\/v2\/comments?post=9274"}],"wp:featuredmedia":[{"embeddable":true,"href":"https:\/\/transpyr.com\/fr\/wp-json\/wp\/v2\/media\/35849"}],"wp:attachment":[{"href":"https:\/\/transpyr.com\/fr\/wp-json\/wp\/v2\/media?parent=9274"}],"wp:term":[{"taxonomy":"product_brand","embeddable":true,"href":"https:\/\/transpyr.com\/fr\/wp-json\/wp\/v2\/product_brand?post=9274"},{"taxonomy":"product_cat","embeddable":true,"href":"https:\/\/transpyr.com\/fr\/wp-json\/wp\/v2\/product_cat?post=9274"},{"taxonomy":"product_tag","embeddable":true,"href":"https:\/\/transpyr.com\/fr\/wp-json\/wp\/v2\/product_tag?post=9274"}],"curies":[{"name":"wp","href":"https:\/\/api.w.org\/{rel}","templated":true}]}}