{"id":9280,"date":"2024-04-18T12:59:41","date_gmt":"2024-04-18T10:59:41","guid":{"rendered":"https:\/\/transpyr.com\/?post_type=product&#038;p=9280"},"modified":"2025-09-03T09:53:10","modified_gmt":"2025-09-03T07:53:10","slug":"service-e-tyr","status":"publish","type":"product","link":"https:\/\/transpyr.com\/fr\/product\/service-e-tyr","title":{"rendered":"Service E-TYR"},"content":{"rendered":"<p>Engagez le service E-TYR et nous nous occupons de tout.<\/p>\n<p>Vous devez donner \u00e0 l\u2019organisation un chargeur et jusqu\u2019\u00e0 un maximum de 2 batteries\/extendeurs suppl\u00e9mentaires, tous d\u00fbment identifi\u00e9s (nous fournirons des autocollants pour cela). Nous chargerons le mat\u00e9riel pendant la nuit, pour livrer la batterie principale au d\u00e9but et transf\u00e9rer les batteries suppl\u00e9mentaires aux stations alimentaires que vous choisissez.<\/p>\n<p>L\u2019organisation est responsable du transport correct vers les stations alimentaires, mais nous ne somme pas responsable des dommages ou de l\u2019usure subis pendant les diff\u00e9rentes charges.<\/p>\n","protected":false},"excerpt":{"rendered":"<p>Engagez le service E-TYR et nous nous occupons de tout.<\/p>\n<p>Vous devez donner \u00e0 l\u2019organisation un chargeur et jusqu\u2019\u00e0 un maximum de 2 batteries\/extendeurs suppl\u00e9mentaires, tous d\u00fbment identifi\u00e9s (nous fournirons des autocollants pour cela). Nous chargerons le mat\u00e9riel pendant la nuit, pour livrer la batterie principale au d\u00e9but et transf\u00e9rer les batteries suppl\u00e9mentaires aux stations alimentaires que vous choisissez.<\/p>\n<p>L\u2019organisation est responsable du transport correct vers les stations alimentaires, mais nous ne somme pas responsable des dommages ou de l\u2019usure subis pendant les diff\u00e9rentes charges.<\/p>\n","protected":false},"featured_media":24233,"comment_status":"open","ping_status":"closed","template":"","meta":{"_acf_changed":false,"inline_featured_image":false,"_monsterinsights_skip_tracking":false,"_monsterinsights_sitenote_active":false,"_monsterinsights_sitenote_note":"","_monsterinsights_sitenote_category":0},"product_brand":[],"product_cat":[96],"product_tag":[],"class_list":{"0":"post-9280","1":"product","2":"type-product","3":"status-publish","4":"has-post-thumbnail","6":"product_cat-servicios-transpyr-fr","7":"tm-no-options","9":"first","10":"instock","11":"shipping-taxable","12":"purchasable","13":"product-type-simple"},"acf":[],"yoast_head":"<!-- This site is optimized with the Yoast SEO plugin v27.1.1 - https:\/\/yoast.com\/product\/yoast-seo-wordpress\/ -->\n<title>Service E-TYR - Transpyr<\/title>\n<meta name=\"robots\" content=\"index, follow, max-snippet:-1, max-image-preview:large, max-video-preview:-1\" \/>\n<link rel=\"canonical\" href=\"https:\/\/transpyr.com\/fr\/product\/service-e-tyr\" \/>\n<meta property=\"og:locale\" content=\"fr_FR\" \/>\n<meta property=\"og:type\" content=\"article\" \/>\n<meta property=\"og:title\" content=\"Service E-TYR - Transpyr\" \/>\n<meta property=\"og:description\" content=\"Engagez le service E-TYR et nous nous occupons de tout.  Vous devez donner \u00e0 l\u2019organisation un chargeur et jusqu\u2019\u00e0 un maximum de 2 batteries\/extendeurs suppl\u00e9mentaires, tous d\u00fbment identifi\u00e9s (nous fournirons des autocollants pour cela). Nous chargerons le mat\u00e9riel pendant la nuit, pour livrer la batterie principale au d\u00e9but et transf\u00e9rer les batteries suppl\u00e9mentaires aux stations alimentaires que vous choisissez.  L\u2019organisation est responsable du transport correct vers les stations alimentaires, mais nous ne somme pas responsable des dommages ou de l\u2019usure subis pendant les diff\u00e9rentes charges.\" \/>\n<meta property=\"og:url\" content=\"https:\/\/transpyr.com\/fr\/product\/service-e-tyr\" \/>\n<meta property=\"og:site_name\" content=\"Transpyr\" \/>\n<meta property=\"article:modified_time\" content=\"2025-09-03T07:53:10+00:00\" \/>\n<meta property=\"og:image\" content=\"https:\/\/transpyr.com\/wp-content\/uploads\/2024\/11\/Foto-x-servei-E-tyr-2.webp\" \/>\n\t<meta property=\"og:image:width\" content=\"641\" \/>\n\t<meta property=\"og:image:height\" content=\"642\" \/>\n\t<meta property=\"og:image:type\" content=\"image\/webp\" \/>\n<meta name=\"twitter:card\" content=\"summary_large_image\" \/>\n<meta name=\"twitter:label1\" content=\"Dur\u00e9e de lecture estim\u00e9e\" \/>\n\t<meta name=\"twitter:data1\" content=\"1 minute\" \/>\n<script type=\"application\/ld+json\" class=\"yoast-schema-graph\">{\"@context\":\"https:\/\/schema.org\",\"@graph\":[{\"@type\":\"WebPage\",\"@id\":\"https:\/\/transpyr.com\/fr\/product\/service-e-tyr\",\"url\":\"https:\/\/transpyr.com\/fr\/product\/service-e-tyr\",\"name\":\"Service E-TYR - Transpyr\",\"isPartOf\":{\"@id\":\"https:\/\/transpyr.com\/fr#website\"},\"primaryImageOfPage\":{\"@id\":\"https:\/\/transpyr.com\/fr\/product\/service-e-tyr#primaryimage\"},\"image\":{\"@id\":\"https:\/\/transpyr.com\/fr\/product\/service-e-tyr#primaryimage\"},\"thumbnailUrl\":\"https:\/\/transpyr.com\/wp-content\/uploads\/2024\/11\/Foto-x-servei-E-tyr-2.webp\",\"datePublished\":\"2024-04-18T10:59:41+00:00\",\"dateModified\":\"2025-09-03T07:53:10+00:00\",\"breadcrumb\":{\"@id\":\"https:\/\/transpyr.com\/fr\/product\/service-e-tyr#breadcrumb\"},\"inLanguage\":\"fr-FR\",\"potentialAction\":[{\"@type\":\"ReadAction\",\"target\":[\"https:\/\/transpyr.com\/fr\/product\/service-e-tyr\"]}]},{\"@type\":\"ImageObject\",\"inLanguage\":\"fr-FR\",\"@id\":\"https:\/\/transpyr.com\/fr\/product\/service-e-tyr#primaryimage\",\"url\":\"https:\/\/transpyr.com\/wp-content\/uploads\/2024\/11\/Foto-x-servei-E-tyr-2.webp\",\"contentUrl\":\"https:\/\/transpyr.com\/wp-content\/uploads\/2024\/11\/Foto-x-servei-E-tyr-2.webp\",\"width\":641,\"height\":642},{\"@type\":\"BreadcrumbList\",\"@id\":\"https:\/\/transpyr.com\/fr\/product\/service-e-tyr#breadcrumb\",\"itemListElement\":[{\"@type\":\"ListItem\",\"position\":1,\"name\":\"Portada\",\"item\":\"https:\/\/transpyr.com\/fr\"},{\"@type\":\"ListItem\",\"position\":2,\"name\":\"Tienda\",\"item\":\"https:\/\/transpyr.com\/fr\/tienda\"},{\"@type\":\"ListItem\",\"position\":3,\"name\":\"Service E-TYR\"}]},{\"@type\":\"WebSite\",\"@id\":\"https:\/\/transpyr.com\/fr#website\",\"url\":\"https:\/\/transpyr.com\/fr\",\"name\":\"Transpyr\",\"description\":\"Carrera de mountain bike a trav\u00e9s de los Pirineos\",\"potentialAction\":[{\"@type\":\"SearchAction\",\"target\":{\"@type\":\"EntryPoint\",\"urlTemplate\":\"https:\/\/transpyr.com\/fr?s={search_term_string}\"},\"query-input\":{\"@type\":\"PropertyValueSpecification\",\"valueRequired\":true,\"valueName\":\"search_term_string\"}}],\"inLanguage\":\"fr-FR\"}]}<\/script>\n<!-- \/ Yoast SEO plugin. -->","yoast_head_json":{"title":"Service E-TYR - Transpyr","robots":{"index":"index","follow":"follow","max-snippet":"max-snippet:-1","max-image-preview":"max-image-preview:large","max-video-preview":"max-video-preview:-1"},"canonical":"https:\/\/transpyr.com\/fr\/product\/service-e-tyr","og_locale":"fr_FR","og_type":"article","og_title":"Service E-TYR - Transpyr","og_description":"Engagez le service E-TYR et nous nous occupons de tout.  Vous devez donner \u00e0 l\u2019organisation un chargeur et jusqu\u2019\u00e0 un maximum de 2 batteries\/extendeurs suppl\u00e9mentaires, tous d\u00fbment identifi\u00e9s (nous fournirons des autocollants pour cela). Nous chargerons le mat\u00e9riel pendant la nuit, pour livrer la batterie principale au d\u00e9but et transf\u00e9rer les batteries suppl\u00e9mentaires aux stations alimentaires que vous choisissez.  L\u2019organisation est responsable du transport correct vers les stations alimentaires, mais nous ne somme pas responsable des dommages ou de l\u2019usure subis pendant les diff\u00e9rentes charges.","og_url":"https:\/\/transpyr.com\/fr\/product\/service-e-tyr","og_site_name":"Transpyr","article_modified_time":"2025-09-03T07:53:10+00:00","og_image":[{"width":641,"height":642,"url":"https:\/\/transpyr.com\/wp-content\/uploads\/2024\/11\/Foto-x-servei-E-tyr-2.webp","type":"image\/webp"}],"twitter_card":"summary_large_image","twitter_misc":{"Dur\u00e9e de lecture estim\u00e9e":"1 minute"},"schema":{"@context":"https:\/\/schema.org","@graph":[{"@type":"WebPage","@id":"https:\/\/transpyr.com\/fr\/product\/service-e-tyr","url":"https:\/\/transpyr.com\/fr\/product\/service-e-tyr","name":"Service E-TYR - Transpyr","isPartOf":{"@id":"https:\/\/transpyr.com\/fr#website"},"primaryImageOfPage":{"@id":"https:\/\/transpyr.com\/fr\/product\/service-e-tyr#primaryimage"},"image":{"@id":"https:\/\/transpyr.com\/fr\/product\/service-e-tyr#primaryimage"},"thumbnailUrl":"https:\/\/transpyr.com\/wp-content\/uploads\/2024\/11\/Foto-x-servei-E-tyr-2.webp","datePublished":"2024-04-18T10:59:41+00:00","dateModified":"2025-09-03T07:53:10+00:00","breadcrumb":{"@id":"https:\/\/transpyr.com\/fr\/product\/service-e-tyr#breadcrumb"},"inLanguage":"fr-FR","potentialAction":[{"@type":"ReadAction","target":["https:\/\/transpyr.com\/fr\/product\/service-e-tyr"]}]},{"@type":"ImageObject","inLanguage":"fr-FR","@id":"https:\/\/transpyr.com\/fr\/product\/service-e-tyr#primaryimage","url":"https:\/\/transpyr.com\/wp-content\/uploads\/2024\/11\/Foto-x-servei-E-tyr-2.webp","contentUrl":"https:\/\/transpyr.com\/wp-content\/uploads\/2024\/11\/Foto-x-servei-E-tyr-2.webp","width":641,"height":642},{"@type":"BreadcrumbList","@id":"https:\/\/transpyr.com\/fr\/product\/service-e-tyr#breadcrumb","itemListElement":[{"@type":"ListItem","position":1,"name":"Portada","item":"https:\/\/transpyr.com\/fr"},{"@type":"ListItem","position":2,"name":"Tienda","item":"https:\/\/transpyr.com\/fr\/tienda"},{"@type":"ListItem","position":3,"name":"Service E-TYR"}]},{"@type":"WebSite","@id":"https:\/\/transpyr.com\/fr#website","url":"https:\/\/transpyr.com\/fr","name":"Transpyr","description":"Carrera de mountain bike a trav\u00e9s de los Pirineos","potentialAction":[{"@type":"SearchAction","target":{"@type":"EntryPoint","urlTemplate":"https:\/\/transpyr.com\/fr?s={search_term_string}"},"query-input":{"@type":"PropertyValueSpecification","valueRequired":true,"valueName":"search_term_string"}}],"inLanguage":"fr-FR"}]}},"_links":{"self":[{"href":"https:\/\/transpyr.com\/fr\/wp-json\/wp\/v2\/product\/9280","targetHints":{"allow":["GET"]}}],"collection":[{"href":"https:\/\/transpyr.com\/fr\/wp-json\/wp\/v2\/product"}],"about":[{"href":"https:\/\/transpyr.com\/fr\/wp-json\/wp\/v2\/types\/product"}],"replies":[{"embeddable":true,"href":"https:\/\/transpyr.com\/fr\/wp-json\/wp\/v2\/comments?post=9280"}],"wp:featuredmedia":[{"embeddable":true,"href":"https:\/\/transpyr.com\/fr\/wp-json\/wp\/v2\/media\/24233"}],"wp:attachment":[{"href":"https:\/\/transpyr.com\/fr\/wp-json\/wp\/v2\/media?parent=9280"}],"wp:term":[{"taxonomy":"product_brand","embeddable":true,"href":"https:\/\/transpyr.com\/fr\/wp-json\/wp\/v2\/product_brand?post=9280"},{"taxonomy":"product_cat","embeddable":true,"href":"https:\/\/transpyr.com\/fr\/wp-json\/wp\/v2\/product_cat?post=9280"},{"taxonomy":"product_tag","embeddable":true,"href":"https:\/\/transpyr.com\/fr\/wp-json\/wp\/v2\/product_tag?post=9280"}],"curies":[{"name":"wp","href":"https:\/\/api.w.org\/{rel}","templated":true}]}}